{"id":5612,"date":"2025-08-28T06:37:26","date_gmt":"2025-08-28T06:37:26","guid":{"rendered":"https:\/\/katosines.com\/?post_type=product&#038;p=5612"},"modified":"2025-11-23T10:00:04","modified_gmt":"2025-11-23T10:00:04","slug":"sandalias-de-plataforma-para-mujer-con-velcro-y-plantilla-de-gel-hechas-en-espana-tallas-36-a-40-modelo-107-tekila","status":"publish","type":"product","link":"https:\/\/katosines.com\/es\/producto\/sandalias-de-plataforma-para-mujer-con-velcro-y-plantilla-de-gel-hechas-en-espana-tallas-36-a-40-modelo-107-tekila\/","title":{"rendered":"Sandalias de plataforma para mujer con velcro y plantilla de gel \u2013 Hechas en Espa\u00f1a Tallas 36 a 40 Modelo 107 Tekila"},"content":{"rendered":"<p><span data-spm-anchor-id=\"euspain.pdp.description.i0.6b787e97b48wmP\">Sandalias de plataforma hechas en Espa\u00f1a con plantilla de gel<\/span><\/p>\n<p>Estas sandalias de plataforma para mujer est\u00e1n fabricadas en Espa\u00f1a con materiales de calidad y dise\u00f1adas para ofrecer la m\u00e1xima comodidad.<\/p>\n<p>Gracias a sus tiras con cierre de velcro, se ajustan f\u00e1cilmente al pie, proporcionando sujeci\u00f3n y practicidad. La plantilla de gel acolchada amortigua cada paso, convirti\u00e9ndolas en un calzado ideal para uso prolongado.<\/p>\n<p>La suela de plataforma ligera ofrece altura y estabilidad sin renunciar al confort, lo que las hace perfectas para combinar con looks casuales y urbanos.<\/p>\n<p>-ALTURA CU\u00d1A (CM.): 4,2<\/p>\n<p>-MATERIAL EXTERIOR- CORTE: Piel<\/p>\n<p>-PLANTILLA: Textil-Gel<\/p>\n<p>-MATERIAL INTERIOR-FORRO : Textil<\/p>\n<p>-PISO-SUELA: Sint\u00e9tico<\/p>","protected":false},"excerpt":{"rendered":"<p>Sandalias de plataforma hechas en Espa\u00f1a con plantilla de gel Estas sandalias de plataforma para mujer est\u00e1n fabricadas en Espa\u00f1a con materiales de calidad y dise\u00f1adas para ofrecer la m\u00e1xima comodidad. Gracias a sus tiras con cierre de velcro, se ajustan f\u00e1cilmente al pie, proporcionando sujeci\u00f3n y practicidad. La plantilla de gel acolchada amortigua cada paso, convirti\u00e9ndolas en un calzado ideal para uso prolongado. La suela de plataforma ligera ofrece altura y estabilidad sin renunciar al confort, lo que las hace perfectas para combinar con looks casuales y urbanos. -ALTURA CU\u00d1A (CM.): 4,2 -MATERIAL EXTERIOR- CORTE: Piel -PLANTILLA: Textil-Gel -MATERIAL INTERIOR-FORRO : Textil -PISO-SUELA: Sint\u00e9tico<\/p>","protected":false},"featured_media":5617,"comment_status":"open","ping_status":"closed","template":"","meta":[],"product_brand":[269],"product_cat":[110,114,139,45],"product_tag":[],"class_list":{"0":"post-5612","1":"product","2":"type-product","3":"status-publish","4":"has-post-thumbnail","6":"product_brand-tekila","7":"product_cat-cunas","8":"product_cat-marcas","9":"product_cat-tekila","10":"product_cat-mujer","12":"first","13":"instock","14":"shipping-taxable","15":"purchasable","16":"product-type-variable"},"_links":{"self":[{"href":"https:\/\/katosines.com\/es\/wp-json\/wp\/v2\/product\/5612","targetHints":{"allow":["GET"]}}],"collection":[{"href":"https:\/\/katosines.com\/es\/wp-json\/wp\/v2\/product"}],"about":[{"href":"https:\/\/katosines.com\/es\/wp-json\/wp\/v2\/types\/product"}],"replies":[{"embeddable":true,"href":"https:\/\/katosines.com\/es\/wp-json\/wp\/v2\/comments?post=5612"}],"wp:featuredmedia":[{"embeddable":true,"href":"https:\/\/katosines.com\/es\/wp-json\/wp\/v2\/media\/5617"}],"wp:attachment":[{"href":"https:\/\/katosines.com\/es\/wp-json\/wp\/v2\/media?parent=5612"}],"wp:term":[{"taxonomy":"product_brand","embeddable":true,"href":"https:\/\/katosines.com\/es\/wp-json\/wp\/v2\/product_brand?post=5612"},{"taxonomy":"product_cat","embeddable":true,"href":"https:\/\/katosines.com\/es\/wp-json\/wp\/v2\/product_cat?post=5612"},{"taxonomy":"product_tag","embeddable":true,"href":"https:\/\/katosines.com\/es\/wp-json\/wp\/v2\/product_tag?post=5612"}],"curies":[{"name":"wp","href":"https:\/\/api.w.org\/{rel}","templated":true}]}}