{"id":5618,"date":"2025-08-28T06:50:11","date_gmt":"2025-08-28T06:50:11","guid":{"rendered":"https:\/\/katosines.com\/?post_type=product&#038;p=5618"},"modified":"2025-11-23T09:55:42","modified_gmt":"2025-11-23T09:55:42","slug":"alpargatas-valenciana-de-cuna-para-mujer-en-piel-y-yute-hechas-en-espana-tallas-36-a-40-modelo-5012-cokketa","status":"publish","type":"product","link":"https:\/\/katosines.com\/es\/producto\/alpargatas-valenciana-de-cuna-para-mujer-en-piel-y-yute-hechas-en-espana-tallas-36-a-40-modelo-5012-cokketa\/","title":{"rendered":"Alpargatas de cu\u00f1a en piel fabricadas en Espa\u00f1a Tallas 36 a 40 Modelo 5011 Cokketa"},"content":{"rendered":"<p>Alpargatas de piel negras hechas en Espa\u00f1a<\/p>\n<p><span data-spm-anchor-id=\"euspain.pdp.description.i2.6085318ddsKrzP\">Estas alpargatas de cu\u00f1a para mujer est\u00e1n confeccionadas en <\/span>piel aut\u00e9ntica y fabricadas en Espa\u00f1a, siguiendo la tradici\u00f3n artesanal del calzado mediterr\u00e1neo.<\/p>\n<p>Su dise\u00f1o incluye cu\u00f1a forrada de yute natural y pulsera al tobillo con hebilla, que aporta sujeci\u00f3n y estilo. La piel negra las convierte en un calzado vers\u00e1til, ideal para combinar tanto con looks veraniegos como con vestidos m\u00e1s elegantes.<\/p>\n<p>Un modelo que a\u00fana calidad, comodidad y moda, con la garant\u00eda de estar hecho en Espa\u00f1a.<\/p>\n<p>-ALTURA DEL TACON (CM.): 6,5<\/p>\n<p>-MATERIAL EXTERIOR- CORTE: Piel<\/p>\n<p>-PLANTILLA: Piel\/Gel<\/p>\n<p><span data-spm-anchor-id=\"euspain.pdp.description.i1.6085318ddsKrzP\">-MATERIAL INTERIOR-FORRO : Textil<\/span><\/p>\n<p>-PISO-SUELA: Sint\u00e9tico<\/p>","protected":false},"excerpt":{"rendered":"<p>Alpargatas de piel negras hechas en Espa\u00f1a Estas alpargatas de cu\u00f1a para mujer est\u00e1n confeccionadas en piel aut\u00e9ntica y fabricadas en Espa\u00f1a, siguiendo la tradici\u00f3n artesanal del calzado mediterr\u00e1neo. Su dise\u00f1o incluye cu\u00f1a forrada de yute natural y pulsera al tobillo con hebilla, que aporta sujeci\u00f3n y estilo. La piel negra las convierte en un calzado vers\u00e1til, ideal para combinar tanto con looks veraniegos como con vestidos m\u00e1s elegantes. Un modelo que a\u00fana calidad, comodidad y moda, con la garant\u00eda de estar hecho en Espa\u00f1a. -ALTURA DEL TACON (CM.): 6,5 -MATERIAL EXTERIOR- CORTE: Piel -PLANTILLA: Piel\/Gel -MATERIAL INTERIOR-FORRO : Textil -PISO-SUELA: Sint\u00e9tico<\/p>","protected":false},"featured_media":5621,"comment_status":"open","ping_status":"closed","template":"","meta":[],"product_brand":[249],"product_cat":[110,140,114,45],"product_tag":[],"class_list":{"0":"post-5618","1":"product","2":"type-product","3":"status-publish","4":"has-post-thumbnail","6":"product_brand-cokketta","7":"product_cat-cunas","8":"product_cat-cokketta","9":"product_cat-marcas","10":"product_cat-mujer","12":"first","13":"instock","14":"shipping-taxable","15":"purchasable","16":"product-type-variable"},"_links":{"self":[{"href":"https:\/\/katosines.com\/es\/wp-json\/wp\/v2\/product\/5618","targetHints":{"allow":["GET"]}}],"collection":[{"href":"https:\/\/katosines.com\/es\/wp-json\/wp\/v2\/product"}],"about":[{"href":"https:\/\/katosines.com\/es\/wp-json\/wp\/v2\/types\/product"}],"replies":[{"embeddable":true,"href":"https:\/\/katosines.com\/es\/wp-json\/wp\/v2\/comments?post=5618"}],"wp:featuredmedia":[{"embeddable":true,"href":"https:\/\/katosines.com\/es\/wp-json\/wp\/v2\/media\/5621"}],"wp:attachment":[{"href":"https:\/\/katosines.com\/es\/wp-json\/wp\/v2\/media?parent=5618"}],"wp:term":[{"taxonomy":"product_brand","embeddable":true,"href":"https:\/\/katosines.com\/es\/wp-json\/wp\/v2\/product_brand?post=5618"},{"taxonomy":"product_cat","embeddable":true,"href":"https:\/\/katosines.com\/es\/wp-json\/wp\/v2\/product_cat?post=5618"},{"taxonomy":"product_tag","embeddable":true,"href":"https:\/\/katosines.com\/es\/wp-json\/wp\/v2\/product_tag?post=5618"}],"curies":[{"name":"wp","href":"https:\/\/api.w.org\/{rel}","templated":true}]}}