{"id":5630,"date":"2025-08-28T07:01:23","date_gmt":"2025-08-28T07:01:23","guid":{"rendered":"https:\/\/katosines.com\/?post_type=product&#038;p=5630"},"modified":"2025-11-23T09:56:08","modified_gmt":"2025-11-23T09:56:08","slug":"alpargatas-valenciana-de-cuna-para-mujer-en-piel-y-yute-hechas-en-espana-tallas-36-a-40-modelo-5012-cokketa-2","status":"publish","type":"product","link":"https:\/\/katosines.com\/es\/producto\/alpargatas-valenciana-de-cuna-para-mujer-en-piel-y-yute-hechas-en-espana-tallas-36-a-40-modelo-5012-cokketa-2\/","title":{"rendered":"Alpargatas valenciana de cu\u00f1a para mujer en piel y yute Hechas en Espa\u00f1a Tallas 36 a 40 Modelo 5012 Cokketa"},"content":{"rendered":"<p><span data-spm-anchor-id=\"euspain.pdp.description.i0.68952b72hKmr84\">Alpargatas de cu\u00f1a hechas en Espa\u00f1a para mujer<\/span><\/p>\n<p>Estas alpargatas de cu\u00f1a combinan tradici\u00f3n y estilo en un dise\u00f1o vers\u00e1til y elegante. Est\u00e1n confeccionadas en piel aut\u00e9ntica y con cu\u00f1a forrada en yute natural, aportando comodidad y frescura en los meses de verano.<\/p>\n<p>La pulsera al tobillo con hebilla trenzada proporciona sujeci\u00f3n y un acabado distinguido, mientras que la cu\u00f1a estiliza la figura manteniendo el confort.<\/p>\n<p>Un calzado atemporal, fabricado en Espa\u00f1a, perfecto para ocasiones casuales, fiestas o incluso eventos m\u00e1s formales.<\/p>\n<p>-ALTURA DEL TACON (CM.): 6,5<\/p>\n<p>-MATERIAL EXTERIOR- CORTE: Textil<\/p>\n<p>-PLANTILLA: Piel\/Gel<\/p>\n<p>-MATERIAL INTERIOR-FORRO : Textil<\/p>\n<p>-PISO-SUELA: Sint\u00e9tico<\/p>","protected":false},"excerpt":{"rendered":"<p>Alpargatas de cu\u00f1a hechas en Espa\u00f1a para mujer Estas alpargatas de cu\u00f1a combinan tradici\u00f3n y estilo en un dise\u00f1o vers\u00e1til y elegante. Est\u00e1n confeccionadas en piel aut\u00e9ntica y con cu\u00f1a forrada en yute natural, aportando comodidad y frescura en los meses de verano. La pulsera al tobillo con hebilla trenzada proporciona sujeci\u00f3n y un acabado distinguido, mientras que la cu\u00f1a estiliza la figura manteniendo el confort. Un calzado atemporal, fabricado en Espa\u00f1a, perfecto para ocasiones casuales, fiestas o incluso eventos m\u00e1s formales. -ALTURA DEL TACON (CM.): 6,5 -MATERIAL EXTERIOR- CORTE: Textil -PLANTILLA: Piel\/Gel -MATERIAL INTERIOR-FORRO : Textil -PISO-SUELA: Sint\u00e9tico<\/p>","protected":false},"featured_media":5634,"comment_status":"open","ping_status":"closed","template":"","meta":[],"product_brand":[249],"product_cat":[110,140,114,45],"product_tag":[],"class_list":{"0":"post-5630","1":"product","2":"type-product","3":"status-publish","4":"has-post-thumbnail","6":"product_brand-cokketta","7":"product_cat-cunas","8":"product_cat-cokketta","9":"product_cat-marcas","10":"product_cat-mujer","12":"first","13":"instock","14":"shipping-taxable","15":"purchasable","16":"product-type-variable"},"_links":{"self":[{"href":"https:\/\/katosines.com\/es\/wp-json\/wp\/v2\/product\/5630","targetHints":{"allow":["GET"]}}],"collection":[{"href":"https:\/\/katosines.com\/es\/wp-json\/wp\/v2\/product"}],"about":[{"href":"https:\/\/katosines.com\/es\/wp-json\/wp\/v2\/types\/product"}],"replies":[{"embeddable":true,"href":"https:\/\/katosines.com\/es\/wp-json\/wp\/v2\/comments?post=5630"}],"wp:featuredmedia":[{"embeddable":true,"href":"https:\/\/katosines.com\/es\/wp-json\/wp\/v2\/media\/5634"}],"wp:attachment":[{"href":"https:\/\/katosines.com\/es\/wp-json\/wp\/v2\/media?parent=5630"}],"wp:term":[{"taxonomy":"product_brand","embeddable":true,"href":"https:\/\/katosines.com\/es\/wp-json\/wp\/v2\/product_brand?post=5630"},{"taxonomy":"product_cat","embeddable":true,"href":"https:\/\/katosines.com\/es\/wp-json\/wp\/v2\/product_cat?post=5630"},{"taxonomy":"product_tag","embeddable":true,"href":"https:\/\/katosines.com\/es\/wp-json\/wp\/v2\/product_tag?post=5630"}],"curies":[{"name":"wp","href":"https:\/\/api.w.org\/{rel}","templated":true}]}}