{"id":5642,"date":"2025-08-28T07:30:17","date_gmt":"2025-08-28T07:30:17","guid":{"rendered":"https:\/\/katosines.com\/?post_type=product&#038;p=5642"},"modified":"2025-11-23T09:59:24","modified_gmt":"2025-11-23T09:59:24","slug":"sandalias-de-piel-para-mujer-con-cuna-y-adorno-hechas-en-espana-tallas-36-a-40-modelo-5047-tekila","status":"publish","type":"product","link":"https:\/\/katosines.com\/es\/producto\/sandalias-de-piel-para-mujer-con-cuna-y-adorno-hechas-en-espana-tallas-36-a-40-modelo-5047-tekila\/","title":{"rendered":"Sandalias de piel para mujer con cu\u00f1a y adorno Hechas en Espa\u00f1a Tallas 36 a 40 Modelo 5047 Tekila"},"content":{"rendered":"<p><span data-spm-anchor-id=\"euspain.pdp.description.i6.4c9071c9GAwjW9\">Sandalias de piel hechas en Espa\u00f1a para mujer<\/span><\/p>\n<p>Estas sandalias para mujer, confeccionadas en piel aut\u00e9ntica y fabricadas en Espa\u00f1a, destacan por su dise\u00f1o elegante y c\u00f3modo. Su cu\u00f1a ligera ofrece altura y estabilidad, mientras que la plantilla acolchada garantiza confort en cada paso.<\/p>\n<p>El adorno en forma de eslab\u00f3n en la parte superior a\u00f1ade un toque moderno y distintivo, convirti\u00e9ndolas en un calzado vers\u00e1til para looks casuales o m\u00e1s arreglados en la temporada de verano.<\/p>\n<p>Un calzado de calidad superior, con la garant\u00eda de estar hecho en Espa\u00f1a.<\/p>\n<h3>-ALTURA DEL TACON (CM.): 5<\/h3>\n<p>-MATERIAL EXTERIOR- CORTE: Piel<\/p>\n<p>-PLANTILLA: Textil-Gel<\/p>\n<p>-MATERIAL INTERIOR-FORRO : Textil<\/p>\n<p>-PISO-SUELA: Sint\u00e9tico<\/p>","protected":false},"excerpt":{"rendered":"<p>Sandalias de piel hechas en Espa\u00f1a para mujer Estas sandalias para mujer, confeccionadas en piel aut\u00e9ntica y fabricadas en Espa\u00f1a, destacan por su dise\u00f1o elegante y c\u00f3modo. Su cu\u00f1a ligera ofrece altura y estabilidad, mientras que la plantilla acolchada garantiza confort en cada paso. El adorno en forma de eslab\u00f3n en la parte superior a\u00f1ade un toque moderno y distintivo, convirti\u00e9ndolas en un calzado vers\u00e1til para looks casuales o m\u00e1s arreglados en la temporada de verano. Un calzado de calidad superior, con la garant\u00eda de estar hecho en Espa\u00f1a. -ALTURA DEL TACON (CM.): 5 -MATERIAL EXTERIOR- CORTE: Piel -PLANTILLA: Textil-Gel -MATERIAL INTERIOR-FORRO : Textil -PISO-SUELA: Sint\u00e9tico<\/p>","protected":false},"featured_media":5646,"comment_status":"open","ping_status":"closed","template":"","meta":[],"product_brand":[269],"product_cat":[110,114,139,45],"product_tag":[],"class_list":{"0":"post-5642","1":"product","2":"type-product","3":"status-publish","4":"has-post-thumbnail","6":"product_brand-tekila","7":"product_cat-cunas","8":"product_cat-marcas","9":"product_cat-tekila","10":"product_cat-mujer","12":"first","13":"instock","14":"shipping-taxable","15":"purchasable","16":"product-type-variable"},"_links":{"self":[{"href":"https:\/\/katosines.com\/es\/wp-json\/wp\/v2\/product\/5642","targetHints":{"allow":["GET"]}}],"collection":[{"href":"https:\/\/katosines.com\/es\/wp-json\/wp\/v2\/product"}],"about":[{"href":"https:\/\/katosines.com\/es\/wp-json\/wp\/v2\/types\/product"}],"replies":[{"embeddable":true,"href":"https:\/\/katosines.com\/es\/wp-json\/wp\/v2\/comments?post=5642"}],"wp:featuredmedia":[{"embeddable":true,"href":"https:\/\/katosines.com\/es\/wp-json\/wp\/v2\/media\/5646"}],"wp:attachment":[{"href":"https:\/\/katosines.com\/es\/wp-json\/wp\/v2\/media?parent=5642"}],"wp:term":[{"taxonomy":"product_brand","embeddable":true,"href":"https:\/\/katosines.com\/es\/wp-json\/wp\/v2\/product_brand?post=5642"},{"taxonomy":"product_cat","embeddable":true,"href":"https:\/\/katosines.com\/es\/wp-json\/wp\/v2\/product_cat?post=5642"},{"taxonomy":"product_tag","embeddable":true,"href":"https:\/\/katosines.com\/es\/wp-json\/wp\/v2\/product_tag?post=5642"}],"curies":[{"name":"wp","href":"https:\/\/api.w.org\/{rel}","templated":true}]}}