{"id":5724,"date":"2025-09-02T08:04:53","date_gmt":"2025-09-02T08:04:53","guid":{"rendered":"https:\/\/katosines.com\/?post_type=product&#038;p=5724"},"modified":"2025-10-14T06:23:50","modified_gmt":"2025-10-14T06:23:50","slug":"zapatos-de-mujer-de-piel-con-tacon-medio-hecho-en-espana-ancho-especial-tallas-36-a-41-modelo-5122-jam","status":"publish","type":"product","link":"https:\/\/katosines.com\/es\/producto\/zapatos-de-mujer-de-piel-con-tacon-medio-hecho-en-espana-ancho-especial-tallas-36-a-41-modelo-5122-jam\/","title":{"rendered":"Zapatos de mujer de piel con tac\u00f3n medio Hecho en Espa\u00f1a Ancho especial Tallas 36 a 41 Modelo 5122 Jam"},"content":{"rendered":"<p>\u2728 Elegancia y confort en un mismo zapato<\/p>\n<p>Estos zapatos de mujer de piel aut\u00e9ntica est\u00e1n dise\u00f1ados para quienes buscan comodidad sin renunciar al estilo. Su tac\u00f3n medio proporciona estabilidad al caminar, mientras que el dise\u00f1o cl\u00e1sico con detalle texturizado en la puntera a\u00f1ade un toque sofisticado.<\/p>\n<p>\ud83d\udc60 Caracter\u00edsticas principales<\/p>\n<ul>\n<li>\n<div>Fabricados en piel de alta calidad.<\/div>\n<\/li>\n<li>\n<div>Hecho en Espa\u00f1a, garant\u00eda de tradici\u00f3n zapatera.<\/div>\n<\/li>\n<li>\n<div>Tac\u00f3n medio c\u00f3modo y elegante.<\/div>\n<\/li>\n<li>\n<div>Dise\u00f1o cl\u00e1sico ideal para el d\u00eda a d\u00eda, oficina o celebraciones.<\/div>\n<\/li>\n<li>\n<div>Cierre con hebilla ajustable para un mejor ajuste.<\/div>\n<\/li>\n<\/ul>","protected":false},"excerpt":{"rendered":"<p>\u2728 Elegancia y confort en un mismo zapato Estos zapatos de mujer de piel aut\u00e9ntica est\u00e1n dise\u00f1ados para quienes buscan comodidad sin renunciar al estilo. Su tac\u00f3n medio proporciona estabilidad al caminar, mientras que el dise\u00f1o cl\u00e1sico con detalle texturizado en la puntera a\u00f1ade un toque sofisticado. \ud83d\udc60 Caracter\u00edsticas principales Fabricados en piel de alta calidad. Hecho en Espa\u00f1a, garant\u00eda de tradici\u00f3n zapatera. Tac\u00f3n medio c\u00f3modo y elegante. Dise\u00f1o cl\u00e1sico ideal para el d\u00eda a d\u00eda, oficina o celebraciones. Cierre con hebilla ajustable para un mejor ajuste.<\/p>","protected":false},"featured_media":5728,"comment_status":"open","ping_status":"closed","template":"","meta":[],"product_brand":[257],"product_cat":[106,130,114,45],"product_tag":[],"class_list":{"0":"post-5724","1":"product","2":"type-product","3":"status-publish","4":"has-post-thumbnail","6":"product_brand-jam","7":"product_cat-zapatos-mujer","8":"product_cat-jam","9":"product_cat-marcas","10":"product_cat-mujer","12":"first","13":"instock","14":"shipping-taxable","15":"purchasable","16":"product-type-variable"},"_links":{"self":[{"href":"https:\/\/katosines.com\/es\/wp-json\/wp\/v2\/product\/5724","targetHints":{"allow":["GET"]}}],"collection":[{"href":"https:\/\/katosines.com\/es\/wp-json\/wp\/v2\/product"}],"about":[{"href":"https:\/\/katosines.com\/es\/wp-json\/wp\/v2\/types\/product"}],"replies":[{"embeddable":true,"href":"https:\/\/katosines.com\/es\/wp-json\/wp\/v2\/comments?post=5724"}],"wp:featuredmedia":[{"embeddable":true,"href":"https:\/\/katosines.com\/es\/wp-json\/wp\/v2\/media\/5728"}],"wp:attachment":[{"href":"https:\/\/katosines.com\/es\/wp-json\/wp\/v2\/media?parent=5724"}],"wp:term":[{"taxonomy":"product_brand","embeddable":true,"href":"https:\/\/katosines.com\/es\/wp-json\/wp\/v2\/product_brand?post=5724"},{"taxonomy":"product_cat","embeddable":true,"href":"https:\/\/katosines.com\/es\/wp-json\/wp\/v2\/product_cat?post=5724"},{"taxonomy":"product_tag","embeddable":true,"href":"https:\/\/katosines.com\/es\/wp-json\/wp\/v2\/product_tag?post=5724"}],"curies":[{"name":"wp","href":"https:\/\/api.w.org\/{rel}","templated":true}]}}