{"id":5793,"date":"2025-09-05T06:04:28","date_gmt":"2025-09-05T06:04:28","guid":{"rendered":"https:\/\/katosines.com\/?post_type=product&#038;p=5793"},"modified":"2025-10-27T16:30:25","modified_gmt":"2025-10-27T16:30:25","slug":"merceditas-de-piel-de-bebe-con-lazo-de-rasotallas-16-a-20-modelo-1804-citos","status":"publish","type":"product","link":"https:\/\/katosines.com\/es\/producto\/merceditas-de-piel-de-bebe-con-lazo-de-rasotallas-16-a-20-modelo-1804-citos\/","title":{"rendered":"Merceditas de piel de beb\u00e9 con lazo de raso Tallas 16 a 20 Modelo 1804 Citos"},"content":{"rendered":"<p>Merceditas de piel para beb\u00e9 en color beige, fabricadas en piel suave de alta calidad. Dise\u00f1o elegante con borde festoneado y lazo de raso en la parte frontal. Perfectas para ceremonias, bautizos y ocasiones especiales.<\/p>\n<p>GUIA DE TALLAS<\/p>\n<p><img decoding=\"async\" src=\"https:\/\/img2.miravia.es\/g\/fb\/kf\/E8e9d440562bd4ff09c3c5fccf921770c5.jpeg_2200x2200q75.avif\" alt=\"Merceditas de piel de beb\u00e9 con lazo de rasoTallas 16 a 20 Modelo 1804 Citos - details 0\" title=\"\"><\/p>","protected":false},"excerpt":{"rendered":"<p>Merceditas de piel para beb\u00e9 en color beige, fabricadas en piel suave de alta calidad. Dise\u00f1o elegante con borde festoneado y lazo de raso en la parte frontal. Perfectas para ceremonias, bautizos y ocasiones especiales. GUIA DE TALLAS<\/p>","protected":false},"featured_media":5796,"comment_status":"open","ping_status":"closed","template":"","meta":[],"product_brand":[248],"product_cat":[342,126,114,88],"product_tag":[],"class_list":{"0":"post-5793","1":"product","2":"type-product","3":"status-publish","4":"has-post-thumbnail","6":"product_brand-citos","7":"product_cat-bebe","8":"product_cat-citos","9":"product_cat-marcas","10":"product_cat-nina","12":"first","13":"instock","14":"shipping-taxable","15":"purchasable","16":"product-type-variable"},"_links":{"self":[{"href":"https:\/\/katosines.com\/es\/wp-json\/wp\/v2\/product\/5793","targetHints":{"allow":["GET"]}}],"collection":[{"href":"https:\/\/katosines.com\/es\/wp-json\/wp\/v2\/product"}],"about":[{"href":"https:\/\/katosines.com\/es\/wp-json\/wp\/v2\/types\/product"}],"replies":[{"embeddable":true,"href":"https:\/\/katosines.com\/es\/wp-json\/wp\/v2\/comments?post=5793"}],"wp:featuredmedia":[{"embeddable":true,"href":"https:\/\/katosines.com\/es\/wp-json\/wp\/v2\/media\/5796"}],"wp:attachment":[{"href":"https:\/\/katosines.com\/es\/wp-json\/wp\/v2\/media?parent=5793"}],"wp:term":[{"taxonomy":"product_brand","embeddable":true,"href":"https:\/\/katosines.com\/es\/wp-json\/wp\/v2\/product_brand?post=5793"},{"taxonomy":"product_cat","embeddable":true,"href":"https:\/\/katosines.com\/es\/wp-json\/wp\/v2\/product_cat?post=5793"},{"taxonomy":"product_tag","embeddable":true,"href":"https:\/\/katosines.com\/es\/wp-json\/wp\/v2\/product_tag?post=5793"}],"curies":[{"name":"wp","href":"https:\/\/api.w.org\/{rel}","templated":true}]}}