{"id":5797,"date":"2025-09-05T06:11:33","date_gmt":"2025-09-05T06:11:33","guid":{"rendered":"https:\/\/katosines.com\/?post_type=product&#038;p=5797"},"modified":"2025-10-27T16:29:56","modified_gmt":"2025-10-27T16:29:56","slug":"merceditas-de-piel-para-bebe-con-cierre-de-hebilla-tallas-16-a-20-modelo-850-citos","status":"publish","type":"product","link":"https:\/\/katosines.com\/es\/producto\/merceditas-de-piel-para-bebe-con-cierre-de-hebilla-tallas-16-a-20-modelo-850-citos\/","title":{"rendered":"Merceditas de piel para beb\u00e9 con cierre de hebilla Tallas 16 a 20 Modelo 850 Citos"},"content":{"rendered":"<p><span data-spm-anchor-id=\"euspain.pdp.description.i0.231c70d0rLTDx6\">Merceditas de piel para beb\u00e9 en varios colores, fabricadas en piel suave de alta calidad. Dise\u00f1o cl\u00e1sico con empeine en forma de T y cierre de hebilla met\u00e1lica para un ajuste seguro. Perfectas para ceremonias, bautizos y ocasiones especiales.<\/span><\/p>\n<p>GUIA DE TALLAS<\/p>\n<p><img decoding=\"async\" src=\"https:\/\/img2.miravia.es\/g\/fb\/kf\/E8e9d440562bd4ff09c3c5fccf921770c5.jpeg_2200x2200q75.avif\" alt=\"Merceditas de piel para beb\u00e9 con cierre de hebilla Tallas 16 a 20 Modelo 850 Citos - details 0\" title=\"\"><\/p>","protected":false},"excerpt":{"rendered":"<p>Merceditas de piel para beb\u00e9 en varios colores, fabricadas en piel suave de alta calidad. Dise\u00f1o cl\u00e1sico con empeine en forma de T y cierre de hebilla met\u00e1lica para un ajuste seguro. Perfectas para ceremonias, bautizos y ocasiones especiales. GUIA DE TALLAS<\/p>","protected":false},"featured_media":5800,"comment_status":"open","ping_status":"closed","template":"","meta":[],"product_brand":[248],"product_cat":[342,126,114,88],"product_tag":[],"class_list":{"0":"post-5797","1":"product","2":"type-product","3":"status-publish","4":"has-post-thumbnail","6":"product_brand-citos","7":"product_cat-bebe","8":"product_cat-citos","9":"product_cat-marcas","10":"product_cat-nina","12":"first","13":"instock","14":"shipping-taxable","15":"purchasable","16":"product-type-variable"},"_links":{"self":[{"href":"https:\/\/katosines.com\/es\/wp-json\/wp\/v2\/product\/5797","targetHints":{"allow":["GET"]}}],"collection":[{"href":"https:\/\/katosines.com\/es\/wp-json\/wp\/v2\/product"}],"about":[{"href":"https:\/\/katosines.com\/es\/wp-json\/wp\/v2\/types\/product"}],"replies":[{"embeddable":true,"href":"https:\/\/katosines.com\/es\/wp-json\/wp\/v2\/comments?post=5797"}],"wp:featuredmedia":[{"embeddable":true,"href":"https:\/\/katosines.com\/es\/wp-json\/wp\/v2\/media\/5800"}],"wp:attachment":[{"href":"https:\/\/katosines.com\/es\/wp-json\/wp\/v2\/media?parent=5797"}],"wp:term":[{"taxonomy":"product_brand","embeddable":true,"href":"https:\/\/katosines.com\/es\/wp-json\/wp\/v2\/product_brand?post=5797"},{"taxonomy":"product_cat","embeddable":true,"href":"https:\/\/katosines.com\/es\/wp-json\/wp\/v2\/product_cat?post=5797"},{"taxonomy":"product_tag","embeddable":true,"href":"https:\/\/katosines.com\/es\/wp-json\/wp\/v2\/product_tag?post=5797"}],"curies":[{"name":"wp","href":"https:\/\/api.w.org\/{rel}","templated":true}]}}