{"id":5821,"date":"2025-09-09T08:35:05","date_gmt":"2025-09-09T08:35:05","guid":{"rendered":"https:\/\/katosines.com\/?post_type=product&#038;p=5821"},"modified":"2025-10-10T09:34:08","modified_gmt":"2025-10-10T09:34:08","slug":"zapatos-de-mujer-de-piel-comodos-para-uso-diario-tallas-36-a-40-modelo-3505-pie-de-angel","status":"publish","type":"product","link":"https:\/\/katosines.com\/es\/producto\/zapatos-de-mujer-de-piel-comodos-para-uso-diario-tallas-36-a-40-modelo-3505-pie-de-angel\/","title":{"rendered":"Zapatos de mujer de piel c\u00f3modos para uso diario Tallas 36 a 40 Modelo 3505 Pie de Angel"},"content":{"rendered":"<p>Zapatos de mujer fabricados en piel de primera calidad, dise\u00f1ados para ofrecer la m\u00e1xima comodidad durante todo el d\u00eda. Su construcci\u00f3n ligera y flexible, junto con el ajuste f\u00e1cil tipo mocas\u00edn, los convierte en una opci\u00f3n ideal para trabajar, pasear o cualquier ocasi\u00f3n en la que busques confort y elegancia.<\/p>\n<p>-ALTURA DEL TACON (CM.): 3<\/p>\n<p>-MATERIAL EXTERIOR<\/p>\n<p>-CORTE: Piel<\/p>\n<p>-PLANTILLA: Piel<\/p>\n<p>-MATERIAL INTERIOR<\/p>\n<p>-FORRO : Textil<\/p>\n<p>-PISO<\/p>\n<p>-SUELA: Sint\u00e9tico<\/p>","protected":false},"excerpt":{"rendered":"<p>Zapatos de mujer fabricados en piel de primera calidad, dise\u00f1ados para ofrecer la m\u00e1xima comodidad durante todo el d\u00eda. Su construcci\u00f3n ligera y flexible, junto con el ajuste f\u00e1cil tipo mocas\u00edn, los convierte en una opci\u00f3n ideal para trabajar, pasear o cualquier ocasi\u00f3n en la que busques confort y elegancia. -ALTURA DEL TACON (CM.): 3 -MATERIAL EXTERIOR -CORTE: Piel -PLANTILLA: Piel -MATERIAL INTERIOR -FORRO : Textil -PISO -SUELA: Sint\u00e9tico<\/p>","protected":false},"featured_media":5823,"comment_status":"open","ping_status":"closed","template":"","meta":[],"product_brand":[265],"product_cat":[106,114,147,45],"product_tag":[],"class_list":{"0":"post-5821","1":"product","2":"type-product","3":"status-publish","4":"has-post-thumbnail","6":"product_brand-pie-de-angel","7":"product_cat-zapatos-mujer","8":"product_cat-marcas","9":"product_cat-pie-de-angel","10":"product_cat-mujer","12":"first","13":"instock","14":"shipping-taxable","15":"purchasable","16":"product-type-variable"},"_links":{"self":[{"href":"https:\/\/katosines.com\/es\/wp-json\/wp\/v2\/product\/5821","targetHints":{"allow":["GET"]}}],"collection":[{"href":"https:\/\/katosines.com\/es\/wp-json\/wp\/v2\/product"}],"about":[{"href":"https:\/\/katosines.com\/es\/wp-json\/wp\/v2\/types\/product"}],"replies":[{"embeddable":true,"href":"https:\/\/katosines.com\/es\/wp-json\/wp\/v2\/comments?post=5821"}],"wp:featuredmedia":[{"embeddable":true,"href":"https:\/\/katosines.com\/es\/wp-json\/wp\/v2\/media\/5823"}],"wp:attachment":[{"href":"https:\/\/katosines.com\/es\/wp-json\/wp\/v2\/media?parent=5821"}],"wp:term":[{"taxonomy":"product_brand","embeddable":true,"href":"https:\/\/katosines.com\/es\/wp-json\/wp\/v2\/product_brand?post=5821"},{"taxonomy":"product_cat","embeddable":true,"href":"https:\/\/katosines.com\/es\/wp-json\/wp\/v2\/product_cat?post=5821"},{"taxonomy":"product_tag","embeddable":true,"href":"https:\/\/katosines.com\/es\/wp-json\/wp\/v2\/product_tag?post=5821"}],"curies":[{"name":"wp","href":"https:\/\/api.w.org\/{rel}","templated":true}]}}