{"id":5827,"date":"2025-09-09T08:48:39","date_gmt":"2025-09-09T08:48:39","guid":{"rendered":"https:\/\/katosines.com\/?post_type=product&#038;p=5827"},"modified":"2025-10-10T08:02:30","modified_gmt":"2025-10-10T08:02:30","slug":"bailarinas-de-mujer-de-piel-comodas-y-elegantes-tallas-36-a-40-modelo-635-chamby","status":"publish","type":"product","link":"https:\/\/katosines.com\/es\/producto\/bailarinas-de-mujer-de-piel-comodas-y-elegantes-tallas-36-a-40-modelo-635-chamby\/","title":{"rendered":"Bailarinas de mujer de piel c\u00f3modas y elegantes Tallas 36 a 40 Modelo 635 Chamby"},"content":{"rendered":"<p><span data-spm-anchor-id=\"euspain.pdp.description.i0.33935678Mm6nSH\">Bailarinas de mujer fabricadas en piel de primera calidad, con un dise\u00f1o cl\u00e1sico y vers\u00e1til que combina con cualquier estilo. Ligeras, c\u00f3modas y f\u00e1ciles de llevar, son la elecci\u00f3n perfecta para el d\u00eda a d\u00eda, la oficina o eventos especiales. Su interior en piel garantiza suavidad y transpirabilidad.<\/span><\/p>\n<p>-ALTURA DEL TACON (CM.): 1<\/p>\n<p>-MATERIAL EXTERIOR<\/p>\n<p>-CORTE: Piel<\/p>\n<p>-PLANTILLA: Piel<\/p>\n<p>-MATERIAL INTERIOR<\/p>\n<p>-FORRO : Textil<\/p>\n<p>-PISO<\/p>\n<p>-SUELA: Sint\u00e9tico<\/p>","protected":false},"excerpt":{"rendered":"<p>Bailarinas de mujer fabricadas en piel de primera calidad, con un dise\u00f1o cl\u00e1sico y vers\u00e1til que combina con cualquier estilo. Ligeras, c\u00f3modas y f\u00e1ciles de llevar, son la elecci\u00f3n perfecta para el d\u00eda a d\u00eda, la oficina o eventos especiales. Su interior en piel garantiza suavidad y transpirabilidad. -ALTURA DEL TACON (CM.): 1 -MATERIAL EXTERIOR -CORTE: Piel -PLANTILLA: Piel -MATERIAL INTERIOR -FORRO : Textil -PISO -SUELA: Sint\u00e9tico<\/p>","protected":false},"featured_media":5831,"comment_status":"open","ping_status":"closed","template":"","meta":[],"product_brand":[247],"product_cat":[106,141,114,45],"product_tag":[],"class_list":{"0":"post-5827","1":"product","2":"type-product","3":"status-publish","4":"has-post-thumbnail","6":"product_brand-chamby","7":"product_cat-zapatos-mujer","8":"product_cat-chamby","9":"product_cat-marcas","10":"product_cat-mujer","12":"first","13":"instock","14":"shipping-taxable","15":"purchasable","16":"product-type-variable"},"_links":{"self":[{"href":"https:\/\/katosines.com\/es\/wp-json\/wp\/v2\/product\/5827","targetHints":{"allow":["GET"]}}],"collection":[{"href":"https:\/\/katosines.com\/es\/wp-json\/wp\/v2\/product"}],"about":[{"href":"https:\/\/katosines.com\/es\/wp-json\/wp\/v2\/types\/product"}],"replies":[{"embeddable":true,"href":"https:\/\/katosines.com\/es\/wp-json\/wp\/v2\/comments?post=5827"}],"wp:featuredmedia":[{"embeddable":true,"href":"https:\/\/katosines.com\/es\/wp-json\/wp\/v2\/media\/5831"}],"wp:attachment":[{"href":"https:\/\/katosines.com\/es\/wp-json\/wp\/v2\/media?parent=5827"}],"wp:term":[{"taxonomy":"product_brand","embeddable":true,"href":"https:\/\/katosines.com\/es\/wp-json\/wp\/v2\/product_brand?post=5827"},{"taxonomy":"product_cat","embeddable":true,"href":"https:\/\/katosines.com\/es\/wp-json\/wp\/v2\/product_cat?post=5827"},{"taxonomy":"product_tag","embeddable":true,"href":"https:\/\/katosines.com\/es\/wp-json\/wp\/v2\/product_tag?post=5827"}],"curies":[{"name":"wp","href":"https:\/\/api.w.org\/{rel}","templated":true}]}}