{"id":5848,"date":"2025-09-09T09:26:43","date_gmt":"2025-09-09T09:26:43","guid":{"rendered":"https:\/\/katosines.com\/?post_type=product&#038;p=5848"},"modified":"2025-10-08T17:25:04","modified_gmt":"2025-10-08T17:25:04","slug":"zapatos-nauticos-de-hombre-de-piel-con-suela-track-tallas-39-a-46-modelo-4736-nikkoe","status":"publish","type":"product","link":"https:\/\/katosines.com\/es\/producto\/zapatos-nauticos-de-hombre-de-piel-con-suela-track-tallas-39-a-46-modelo-4736-nikkoe\/","title":{"rendered":"Zapatos n\u00e1uticos de hombre de piel con suela track Tallas 39 a 46 Modelo 4736 Nikkoe"},"content":{"rendered":"<p>Zapatos n\u00e1uticos de hombre fabricados en piel de alta calidad, con dise\u00f1o cl\u00e1sico de costuras vistas y cordones de estilo marinero. Su suela track aporta mayor agarre y resistencia, ideal para el d\u00eda a d\u00eda. Perfectos para quienes buscan un calzado c\u00f3modo, vers\u00e1til y con un toque atemporal.<\/p>\n<p>-ALTURA DEL TACON (CM.): 3<\/p>\n<p>-MATERIAL EXTERIOR<\/p>\n<p>-CORTE: Piel<\/p>\n<p>-PLANTILLA: Piel<\/p>\n<p>-MATERIAL INTERIOR<\/p>\n<p>-FORRO : Piel<\/p>\n<p>-PISO-SUELA: Sint\u00e9tico<\/p>","protected":false},"excerpt":{"rendered":"<p>Zapatos n\u00e1uticos de hombre fabricados en piel de alta calidad, con dise\u00f1o cl\u00e1sico de costuras vistas y cordones de estilo marinero. Su suela track aporta mayor agarre y resistencia, ideal para el d\u00eda a d\u00eda. Perfectos para quienes buscan un calzado c\u00f3modo, vers\u00e1til y con un toque atemporal. -ALTURA DEL TACON (CM.): 3 -MATERIAL EXTERIOR -CORTE: Piel -PLANTILLA: Piel -MATERIAL INTERIOR -FORRO : Piel -PISO-SUELA: Sint\u00e9tico<\/p>","protected":false},"featured_media":5851,"comment_status":"open","ping_status":"closed","template":"","meta":[],"product_brand":[261],"product_cat":[114,142,112,44],"product_tag":[],"class_list":{"0":"post-5848","1":"product","2":"type-product","3":"status-publish","4":"has-post-thumbnail","6":"product_brand-nikkoe","7":"product_cat-marcas","8":"product_cat-nikkoe","9":"product_cat-zapatos-hombre","10":"product_cat-hombre","12":"first","13":"instock","14":"shipping-taxable","15":"purchasable","16":"product-type-variable"},"_links":{"self":[{"href":"https:\/\/katosines.com\/es\/wp-json\/wp\/v2\/product\/5848","targetHints":{"allow":["GET"]}}],"collection":[{"href":"https:\/\/katosines.com\/es\/wp-json\/wp\/v2\/product"}],"about":[{"href":"https:\/\/katosines.com\/es\/wp-json\/wp\/v2\/types\/product"}],"replies":[{"embeddable":true,"href":"https:\/\/katosines.com\/es\/wp-json\/wp\/v2\/comments?post=5848"}],"wp:featuredmedia":[{"embeddable":true,"href":"https:\/\/katosines.com\/es\/wp-json\/wp\/v2\/media\/5851"}],"wp:attachment":[{"href":"https:\/\/katosines.com\/es\/wp-json\/wp\/v2\/media?parent=5848"}],"wp:term":[{"taxonomy":"product_brand","embeddable":true,"href":"https:\/\/katosines.com\/es\/wp-json\/wp\/v2\/product_brand?post=5848"},{"taxonomy":"product_cat","embeddable":true,"href":"https:\/\/katosines.com\/es\/wp-json\/wp\/v2\/product_cat?post=5848"},{"taxonomy":"product_tag","embeddable":true,"href":"https:\/\/katosines.com\/es\/wp-json\/wp\/v2\/product_tag?post=5848"}],"curies":[{"name":"wp","href":"https:\/\/api.w.org\/{rel}","templated":true}]}}