{"id":5858,"date":"2025-09-09T10:46:36","date_gmt":"2025-09-09T10:46:36","guid":{"rendered":"https:\/\/katosines.com\/?post_type=product&#038;p=5858"},"modified":"2025-10-08T16:20:41","modified_gmt":"2025-10-08T16:20:41","slug":"zapatillas-blancas-calzado-respetuoso-para-nino-y-nina-tallas-20-a-32-modelo-z109-condiz","status":"publish","type":"product","link":"https:\/\/katosines.com\/es\/producto\/zapatillas-blancas-calzado-respetuoso-para-nino-y-nina-tallas-20-a-32-modelo-z109-condiz\/","title":{"rendered":"Zapatillas blancas calzado respetuoso para ni\u00f1o y ni\u00f1a Tallas 20 a 32 Modelo Z109 Condiz"},"content":{"rendered":"<p>Zapatillas respetuosas para beb\u00e9 en color blanco de la marca Condiz. Elaboradas en piel de alta calidad con interior en piel para mayor transpirabilidad y confort. Suela fina, flexible y antideslizante que permite el movimiento natural del pie, ideal para los primeros pasos. Cierre de velcro que facilita el ajuste y la colocaci\u00f3n. Perfectas para uso diario y etapas de gateo y primeros pasos.<\/p>\n<p>GUIA DE TALLAS<\/p>\n<p><img decoding=\"async\" src=\"https:\/\/img2.miravia.es\/g\/fb\/kf\/E304ebce8c6c94d3f8045e466f048b3d3k.jpeg_2200x2200q75.avif\" alt=\"Zapatillas blancas calzado respetuoso para ni\u00f1o y ni\u00f1a Tallas 20 a 32 Modelo Z109 Condiz - details 0\" title=\"\"><\/p>","protected":false},"excerpt":{"rendered":"<p>Zapatillas respetuosas para beb\u00e9 en color blanco de la marca Condiz. Elaboradas en piel de alta calidad con interior en piel para mayor transpirabilidad y confort. Suela fina, flexible y antideslizante que permite el movimiento natural del pie, ideal para los primeros pasos. Cierre de velcro que facilita el ajuste y la colocaci\u00f3n. Perfectas para uso diario y etapas de gateo y primeros pasos. GUIA DE TALLAS<\/p>","protected":false},"featured_media":5862,"comment_status":"open","ping_status":"closed","template":"","meta":[],"product_brand":[72],"product_cat":[91,119,98,114,88,90,15],"product_tag":[],"class_list":{"0":"post-5858","1":"product","2":"type-product","3":"status-publish","4":"has-post-thumbnail","6":"product_brand-condiz","7":"product_cat-deportivos","8":"product_cat-condiz","9":"product_cat-deportivos-nina","10":"product_cat-marcas","11":"product_cat-nina","12":"product_cat-respetuoso-2","13":"product_cat-uncategorized","15":"first","16":"instock","17":"shipping-taxable","18":"purchasable","19":"product-type-variable"},"_links":{"self":[{"href":"https:\/\/katosines.com\/es\/wp-json\/wp\/v2\/product\/5858","targetHints":{"allow":["GET"]}}],"collection":[{"href":"https:\/\/katosines.com\/es\/wp-json\/wp\/v2\/product"}],"about":[{"href":"https:\/\/katosines.com\/es\/wp-json\/wp\/v2\/types\/product"}],"replies":[{"embeddable":true,"href":"https:\/\/katosines.com\/es\/wp-json\/wp\/v2\/comments?post=5858"}],"wp:featuredmedia":[{"embeddable":true,"href":"https:\/\/katosines.com\/es\/wp-json\/wp\/v2\/media\/5862"}],"wp:attachment":[{"href":"https:\/\/katosines.com\/es\/wp-json\/wp\/v2\/media?parent=5858"}],"wp:term":[{"taxonomy":"product_brand","embeddable":true,"href":"https:\/\/katosines.com\/es\/wp-json\/wp\/v2\/product_brand?post=5858"},{"taxonomy":"product_cat","embeddable":true,"href":"https:\/\/katosines.com\/es\/wp-json\/wp\/v2\/product_cat?post=5858"},{"taxonomy":"product_tag","embeddable":true,"href":"https:\/\/katosines.com\/es\/wp-json\/wp\/v2\/product_tag?post=5858"}],"curies":[{"name":"wp","href":"https:\/\/api.w.org\/{rel}","templated":true}]}}