{"id":5893,"date":"2025-09-11T06:12:07","date_gmt":"2025-09-11T06:12:07","guid":{"rendered":"https:\/\/katosines.com\/?post_type=product&#038;p=5893"},"modified":"2025-11-23T09:07:00","modified_gmt":"2025-11-23T09:07:00","slug":"espartena-de-lona-con-cordones-para-nino-en-varios-colores-tallas-20-a-35-modelo-267-condiz","status":"publish","type":"product","link":"https:\/\/katosines.com\/es\/producto\/espartena-de-lona-con-cordones-para-nino-en-varios-colores-tallas-20-a-35-modelo-267-condiz\/","title":{"rendered":"Esparte\u00f1a de lona con cordones para ni\u00f1o en varios colores Tallas 20 a 35 Modelo 267 Condiz"},"content":{"rendered":"<p>Esparte\u00f1ans de lona para ni\u00f1o de la marca condiz, fabricados en Espa\u00f1a con materiales transpirables y resistentes. Dise\u00f1ados con cordones de yute natural y suela de esparto trenzado con refuerzo de goma, ofrecen comodidad y frescura en el d\u00eda a d\u00eda. Su estilo cl\u00e1sico es ideal para combinar tanto en ocasiones especiales como en looks informales.<\/p>\n<p>GUIA DE TALLAS<\/p>\n<p>Tama\u00f1o plantilla interior. El zapato debe ser 0,7-1cm m\u00e1s grande que el pie.<\/p>\n<p><img fetchpriority=\"high\" decoding=\"async\" class=\"\" src=\"https:\/\/img2.miravia.es\/g\/fb\/kf\/E08750c6c38bc47f6bc1751dd2afdc4056.jpg_2200x2200q75.avif\" alt=\"Esparte\u00f1a de lona con cordones para ni\u00f1o en varios colores Tallas 20 a 35 Modelo 267 Condiz - details 0\" width=\"712\" height=\"306\" title=\"\"><\/p>","protected":false},"excerpt":{"rendered":"<p>Esparte\u00f1ans de lona para ni\u00f1o de la marca condiz, fabricados en Espa\u00f1a con materiales transpirables y resistentes. Dise\u00f1ados con cordones de yute natural y suela de esparto trenzado con refuerzo de goma, ofrecen comodidad y frescura en el d\u00eda a d\u00eda. Su estilo cl\u00e1sico es ideal para combinar tanto en ocasiones especiales como en looks informales. GUIA DE TALLAS Tama\u00f1o plantilla interior. El zapato debe ser 0,7-1cm m\u00e1s grande que el pie.<\/p>","protected":false},"featured_media":5897,"comment_status":"open","ping_status":"closed","template":"","meta":[],"product_brand":[72],"product_cat":[114,416,119,15],"product_tag":[],"class_list":{"0":"post-5893","1":"product","2":"type-product","3":"status-publish","4":"has-post-thumbnail","6":"product_brand-condiz","7":"product_cat-marcas","8":"product_cat-bambaslonanino","9":"product_cat-condiz","10":"product_cat-uncategorized","12":"first","13":"instock","14":"shipping-taxable","15":"purchasable","16":"product-type-variable"},"_links":{"self":[{"href":"https:\/\/katosines.com\/es\/wp-json\/wp\/v2\/product\/5893","targetHints":{"allow":["GET"]}}],"collection":[{"href":"https:\/\/katosines.com\/es\/wp-json\/wp\/v2\/product"}],"about":[{"href":"https:\/\/katosines.com\/es\/wp-json\/wp\/v2\/types\/product"}],"replies":[{"embeddable":true,"href":"https:\/\/katosines.com\/es\/wp-json\/wp\/v2\/comments?post=5893"}],"wp:featuredmedia":[{"embeddable":true,"href":"https:\/\/katosines.com\/es\/wp-json\/wp\/v2\/media\/5897"}],"wp:attachment":[{"href":"https:\/\/katosines.com\/es\/wp-json\/wp\/v2\/media?parent=5893"}],"wp:term":[{"taxonomy":"product_brand","embeddable":true,"href":"https:\/\/katosines.com\/es\/wp-json\/wp\/v2\/product_brand?post=5893"},{"taxonomy":"product_cat","embeddable":true,"href":"https:\/\/katosines.com\/es\/wp-json\/wp\/v2\/product_cat?post=5893"},{"taxonomy":"product_tag","embeddable":true,"href":"https:\/\/katosines.com\/es\/wp-json\/wp\/v2\/product_tag?post=5893"}],"curies":[{"name":"wp","href":"https:\/\/api.w.org\/{rel}","templated":true}]}}