{"id":5917,"date":"2025-09-11T07:21:07","date_gmt":"2025-09-11T07:21:07","guid":{"rendered":"https:\/\/katosines.com\/?post_type=product&#038;p=5917"},"modified":"2025-10-07T09:42:26","modified_gmt":"2025-10-07T09:42:26","slug":"mocasines-de-piel-para-hombre-calzado-elegante-y-comodo-tallas-39-a-45-modelo-301j-nikkoe","status":"publish","type":"product","link":"https:\/\/katosines.com\/es\/producto\/mocasines-de-piel-para-hombre-calzado-elegante-y-comodo-tallas-39-a-45-modelo-301j-nikkoe\/","title":{"rendered":"Mocasines de piel para hombre calzado elegante y c\u00f3modo Tallas 39 a 45 Modelo 301J Nikkoe"},"content":{"rendered":"<p>Estos mocasines de piel para hombre destacan por su dise\u00f1o elegante y atemporal, perfectos para ocasiones formales o looks de diario con un toque distinguido. Fabricados en piel de alta calidad, ofrecen comodidad y durabilidad, con una suela que asegura una pisada estable.<\/p>\n<p data-spm-anchor-id=\"euspain.pdp.description.i1.459520693W8KL6\">El dise\u00f1o sin cordones aporta practicidad y estilo, siendo una opci\u00f3n vers\u00e1til que combina tanto con trajes como con pantalones m\u00e1s informales.<\/p>","protected":false},"excerpt":{"rendered":"<p>Estos mocasines de piel para hombre destacan por su dise\u00f1o elegante y atemporal, perfectos para ocasiones formales o looks de diario con un toque distinguido. Fabricados en piel de alta calidad, ofrecen comodidad y durabilidad, con una suela que asegura una pisada estable. El dise\u00f1o sin cordones aporta practicidad y estilo, siendo una opci\u00f3n vers\u00e1til que combina tanto con trajes como con pantalones m\u00e1s informales.<\/p>","protected":false},"featured_media":5919,"comment_status":"open","ping_status":"closed","template":"","meta":[],"product_brand":[261],"product_cat":[112,114,142,44],"product_tag":[],"class_list":{"0":"post-5917","1":"product","2":"type-product","3":"status-publish","4":"has-post-thumbnail","6":"product_brand-nikkoe","7":"product_cat-zapatos-hombre","8":"product_cat-marcas","9":"product_cat-nikkoe","10":"product_cat-hombre","12":"first","13":"instock","14":"shipping-taxable","15":"purchasable","16":"product-type-variable"},"_links":{"self":[{"href":"https:\/\/katosines.com\/es\/wp-json\/wp\/v2\/product\/5917","targetHints":{"allow":["GET"]}}],"collection":[{"href":"https:\/\/katosines.com\/es\/wp-json\/wp\/v2\/product"}],"about":[{"href":"https:\/\/katosines.com\/es\/wp-json\/wp\/v2\/types\/product"}],"replies":[{"embeddable":true,"href":"https:\/\/katosines.com\/es\/wp-json\/wp\/v2\/comments?post=5917"}],"wp:featuredmedia":[{"embeddable":true,"href":"https:\/\/katosines.com\/es\/wp-json\/wp\/v2\/media\/5919"}],"wp:attachment":[{"href":"https:\/\/katosines.com\/es\/wp-json\/wp\/v2\/media?parent=5917"}],"wp:term":[{"taxonomy":"product_brand","embeddable":true,"href":"https:\/\/katosines.com\/es\/wp-json\/wp\/v2\/product_brand?post=5917"},{"taxonomy":"product_cat","embeddable":true,"href":"https:\/\/katosines.com\/es\/wp-json\/wp\/v2\/product_cat?post=5917"},{"taxonomy":"product_tag","embeddable":true,"href":"https:\/\/katosines.com\/es\/wp-json\/wp\/v2\/product_tag?post=5917"}],"curies":[{"name":"wp","href":"https:\/\/api.w.org\/{rel}","templated":true}]}}