{"id":5922,"date":"2025-09-11T07:25:24","date_gmt":"2025-09-11T07:25:24","guid":{"rendered":"https:\/\/katosines.com\/?post_type=product&#038;p=5922"},"modified":"2025-10-07T09:33:54","modified_gmt":"2025-10-07T09:33:54","slug":"bota-de-montana-kaki-para-hombre-trekking-tallas-39-a-46-modelo-3011-segarra","status":"publish","type":"product","link":"https:\/\/katosines.com\/es\/producto\/bota-de-montana-kaki-para-hombre-trekking-tallas-39-a-46-modelo-3011-segarra\/","title":{"rendered":"Bota de monta\u00f1a kaki para hombre trekking Tallas 39 a 46 Modelo 3011 Segarra"},"content":{"rendered":"<p>Botas de monta\u00f1a para hombre fabricadas en serraje color kaki con detalles en textil, cordonera reforzada y suela de gran agarre. Dise\u00f1o resistente y c\u00f3modo para actividades al aire libre.<\/p>","protected":false},"excerpt":{"rendered":"<p>Botas de monta\u00f1a para hombre fabricadas en serraje color kaki con detalles en textil, cordonera reforzada y suela de gran agarre. Dise\u00f1o resistente y c\u00f3modo para actividades al aire libre.<\/p>","protected":false},"featured_media":5925,"comment_status":"open","ping_status":"closed","template":"","meta":[],"product_brand":[268],"product_cat":[111,114,127,44],"product_tag":[],"class_list":{"0":"post-5922","1":"product","2":"type-product","3":"status-publish","4":"has-post-thumbnail","6":"product_brand-segarra","7":"product_cat-deportivos-hombre","8":"product_cat-marcas","9":"product_cat-segarra","10":"product_cat-hombre","12":"first","13":"instock","14":"shipping-taxable","15":"purchasable","16":"product-type-variable"},"_links":{"self":[{"href":"https:\/\/katosines.com\/es\/wp-json\/wp\/v2\/product\/5922","targetHints":{"allow":["GET"]}}],"collection":[{"href":"https:\/\/katosines.com\/es\/wp-json\/wp\/v2\/product"}],"about":[{"href":"https:\/\/katosines.com\/es\/wp-json\/wp\/v2\/types\/product"}],"replies":[{"embeddable":true,"href":"https:\/\/katosines.com\/es\/wp-json\/wp\/v2\/comments?post=5922"}],"wp:featuredmedia":[{"embeddable":true,"href":"https:\/\/katosines.com\/es\/wp-json\/wp\/v2\/media\/5925"}],"wp:attachment":[{"href":"https:\/\/katosines.com\/es\/wp-json\/wp\/v2\/media?parent=5922"}],"wp:term":[{"taxonomy":"product_brand","embeddable":true,"href":"https:\/\/katosines.com\/es\/wp-json\/wp\/v2\/product_brand?post=5922"},{"taxonomy":"product_cat","embeddable":true,"href":"https:\/\/katosines.com\/es\/wp-json\/wp\/v2\/product_cat?post=5922"},{"taxonomy":"product_tag","embeddable":true,"href":"https:\/\/katosines.com\/es\/wp-json\/wp\/v2\/product_tag?post=5922"}],"curies":[{"name":"wp","href":"https:\/\/api.w.org\/{rel}","templated":true}]}}