{"id":5926,"date":"2025-09-12T06:40:30","date_gmt":"2025-09-12T06:40:30","guid":{"rendered":"https:\/\/katosines.com\/?post_type=product&#038;p=5926"},"modified":"2026-01-26T10:20:47","modified_gmt":"2026-01-26T10:20:47","slug":"zapatillas-de-casa-cerradas-para-nino-con-diseno-de-videojuego-hecho-en-espana-tallas-26-a-35-modelo-839-jam","status":"publish","type":"product","link":"https:\/\/katosines.com\/es\/producto\/zapatillas-de-casa-cerradas-para-nino-con-diseno-de-videojuego-hecho-en-espana-tallas-26-a-35-modelo-839-jam\/","title":{"rendered":"Zapatillas de casa cerradas para ni\u00f1o con dise\u00f1o de videojuego Hecho en Espa\u00f1a Tallas 26 a 32 Modelo 839 Jam"},"content":{"rendered":"<p><span data-spm-anchor-id=\"euspain.pdp.description.i0.1537170cdP1TZL\">Descripci\u00f3n del producto:<\/span><\/p>\n<p>Zapatillas de casa cerradas para ni\u00f1o con dise\u00f1o de mando de videojuego y frases divertidas. Fabricadas en tejido suave y c\u00e1lido, con suela antideslizante para mayor seguridad y plantilla c\u00f3moda para uso diario en el hogar.<\/p>","protected":false},"excerpt":{"rendered":"<p>Descripci\u00f3n del producto: Zapatillas de casa cerradas para ni\u00f1o con dise\u00f1o de mando de videojuego y frases divertidas. Fabricadas en tejido suave y c\u00e1lido, con suela antideslizante para mayor seguridad y plantilla c\u00f3moda para uso diario en el hogar.<\/p>","protected":false},"featured_media":5927,"comment_status":"open","ping_status":"closed","template":"","meta":[],"product_brand":[257],"product_cat":[135,130,114,15],"product_tag":[],"class_list":{"0":"post-5926","1":"product","2":"type-product","3":"status-publish","4":"has-post-thumbnail","6":"product_brand-jam","7":"product_cat-zapatillas-de-casa-uncategorized","8":"product_cat-jam","9":"product_cat-marcas","10":"product_cat-uncategorized","12":"first","13":"instock","14":"shipping-taxable","15":"purchasable","16":"product-type-variable"},"_links":{"self":[{"href":"https:\/\/katosines.com\/es\/wp-json\/wp\/v2\/product\/5926","targetHints":{"allow":["GET"]}}],"collection":[{"href":"https:\/\/katosines.com\/es\/wp-json\/wp\/v2\/product"}],"about":[{"href":"https:\/\/katosines.com\/es\/wp-json\/wp\/v2\/types\/product"}],"replies":[{"embeddable":true,"href":"https:\/\/katosines.com\/es\/wp-json\/wp\/v2\/comments?post=5926"}],"wp:featuredmedia":[{"embeddable":true,"href":"https:\/\/katosines.com\/es\/wp-json\/wp\/v2\/media\/5927"}],"wp:attachment":[{"href":"https:\/\/katosines.com\/es\/wp-json\/wp\/v2\/media?parent=5926"}],"wp:term":[{"taxonomy":"product_brand","embeddable":true,"href":"https:\/\/katosines.com\/es\/wp-json\/wp\/v2\/product_brand?post=5926"},{"taxonomy":"product_cat","embeddable":true,"href":"https:\/\/katosines.com\/es\/wp-json\/wp\/v2\/product_cat?post=5926"},{"taxonomy":"product_tag","embeddable":true,"href":"https:\/\/katosines.com\/es\/wp-json\/wp\/v2\/product_tag?post=5926"}],"curies":[{"name":"wp","href":"https:\/\/api.w.org\/{rel}","templated":true}]}}