{"id":5928,"date":"2025-09-12T06:44:20","date_gmt":"2025-09-12T06:44:20","guid":{"rendered":"https:\/\/katosines.com\/?post_type=product&#038;p=5928"},"modified":"2025-10-07T09:24:16","modified_gmt":"2025-10-07T09:24:16","slug":"sandalia-de-piel-para-hombre-con-cierre-de-velcro-modelo-4015-tallas-especiales-47-a-49-cactus","status":"publish","type":"product","link":"https:\/\/katosines.com\/es\/producto\/sandalia-de-piel-para-hombre-con-cierre-de-velcro-modelo-4015-tallas-especiales-47-a-49-cactus\/","title":{"rendered":"Sandalia de piel para hombre con cierre de velcro Modelo 4015 Tallas especiales 47 a 49 Cactus"},"content":{"rendered":"<p>Zapato sandalia de hombre fabricado en piel de alta calidad, con dise\u00f1o fresco y c\u00f3modo ideal para verano. Su estructura abierta favorece la transpiraci\u00f3n sin perder sujeci\u00f3n, gracias al pr\u00e1ctico cierre de velcro. Suela acolchada y antideslizante para un confort superior durante todo el d\u00eda. Perfecto para caminar, uso diario o paseos urbanos. Disponible en varias tallas especiales.<\/p>","protected":false},"excerpt":{"rendered":"<p>Zapato sandalia de hombre fabricado en piel de alta calidad, con dise\u00f1o fresco y c\u00f3modo ideal para verano. Su estructura abierta favorece la transpiraci\u00f3n sin perder sujeci\u00f3n, gracias al pr\u00e1ctico cierre de velcro. Suela acolchada y antideslizante para un confort superior durante todo el d\u00eda. Perfecto para caminar, uso diario o paseos urbanos. Disponible en varias tallas especiales.<\/p>","protected":false},"featured_media":5930,"comment_status":"open","ping_status":"closed","template":"","meta":[],"product_brand":[246],"product_cat":[113,149,114,44],"product_tag":[],"class_list":{"0":"post-5928","1":"product","2":"type-product","3":"status-publish","4":"has-post-thumbnail","6":"product_brand-cactus","7":"product_cat-sandalias-hombre","8":"product_cat-cactus","9":"product_cat-marcas","10":"product_cat-hombre","12":"first","13":"instock","14":"shipping-taxable","15":"purchasable","16":"product-type-variable"},"_links":{"self":[{"href":"https:\/\/katosines.com\/es\/wp-json\/wp\/v2\/product\/5928","targetHints":{"allow":["GET"]}}],"collection":[{"href":"https:\/\/katosines.com\/es\/wp-json\/wp\/v2\/product"}],"about":[{"href":"https:\/\/katosines.com\/es\/wp-json\/wp\/v2\/types\/product"}],"replies":[{"embeddable":true,"href":"https:\/\/katosines.com\/es\/wp-json\/wp\/v2\/comments?post=5928"}],"wp:featuredmedia":[{"embeddable":true,"href":"https:\/\/katosines.com\/es\/wp-json\/wp\/v2\/media\/5930"}],"wp:attachment":[{"href":"https:\/\/katosines.com\/es\/wp-json\/wp\/v2\/media?parent=5928"}],"wp:term":[{"taxonomy":"product_brand","embeddable":true,"href":"https:\/\/katosines.com\/es\/wp-json\/wp\/v2\/product_brand?post=5928"},{"taxonomy":"product_cat","embeddable":true,"href":"https:\/\/katosines.com\/es\/wp-json\/wp\/v2\/product_cat?post=5928"},{"taxonomy":"product_tag","embeddable":true,"href":"https:\/\/katosines.com\/es\/wp-json\/wp\/v2\/product_tag?post=5928"}],"curies":[{"name":"wp","href":"https:\/\/api.w.org\/{rel}","templated":true}]}}