{"id":6073,"date":"2025-09-22T18:19:46","date_gmt":"2025-09-22T18:19:46","guid":{"rendered":"https:\/\/katosines.com\/?post_type=product&#038;p=6073"},"modified":"2025-11-11T16:18:50","modified_gmt":"2025-11-11T16:18:50","slug":"mocasines-de-piel-para-hombre-estilo-clasico-con-antifaz-suela-cuero-tallas-39-a-45-modelo-1003-jam","status":"publish","type":"product","link":"https:\/\/katosines.com\/es\/producto\/mocasines-de-piel-para-hombre-estilo-clasico-con-antifaz-suela-cuero-tallas-39-a-45-modelo-1003-jam\/","title":{"rendered":"Mocasines de piel para hombre estilo cl\u00e1sico con antifaz suela cuero Tallas 39 a 45 Modelo 1003 Jam"},"content":{"rendered":"<p><span data-spm-anchor-id=\"euspain.pdp.description.i0.eb111dca80OUsf\">Estos mocasines de piel para hombre destacan por su dise\u00f1o atemporal y gran comodidad. Fabricados en piel aut\u00e9ntica de alta calidad, presentan el tradicional <\/span>dise\u00f1o de antifaz, aportando un estilo elegante y sobrio.<\/p>\n<p>Perfectos para el d\u00eda a d\u00eda, la oficina o eventos especiales, gracias a su suela flexible y resistente que asegura confort y durabilidad.<\/p>\n<p>\u2714 Piel aut\u00e9ntica de alta calidad<br \/>\n\u2714 Dise\u00f1o cl\u00e1sico con antifaz<br \/>\n\u2714 Suela resistente y c\u00f3moda<br \/>\n\u2714 Elegantes y f\u00e1ciles de combinar<\/p>\n<p><img fetchpriority=\"high\" decoding=\"async\" class=\"alignnone size-medium wp-image-6078\" src=\"https:\/\/katosines.com\/wp-content\/uploads\/2025\/09\/10031-300x200.jpg\" alt=\"\" width=\"300\" height=\"200\" title=\"\" srcset=\"https:\/\/katosines.com\/wp-content\/uploads\/2025\/09\/10031-300x200.jpg 300w, https:\/\/katosines.com\/wp-content\/uploads\/2025\/09\/10031-768x512.jpg 768w, https:\/\/katosines.com\/wp-content\/uploads\/2025\/09\/10031-18x12.jpg 18w, https:\/\/katosines.com\/wp-content\/uploads\/2025\/09\/10031-600x400.jpg 600w, https:\/\/katosines.com\/wp-content\/uploads\/2025\/09\/10031.jpg 800w\" sizes=\"(max-width: 300px) 100vw, 300px\" \/> <img decoding=\"async\" class=\"alignnone size-medium wp-image-6075\" src=\"https:\/\/katosines.com\/wp-content\/uploads\/2025\/09\/10034-300x200.jpg\" alt=\"\" width=\"300\" height=\"200\" title=\"\" srcset=\"https:\/\/katosines.com\/wp-content\/uploads\/2025\/09\/10034-300x200.jpg 300w, https:\/\/katosines.com\/wp-content\/uploads\/2025\/09\/10034-768x512.jpg 768w, https:\/\/katosines.com\/wp-content\/uploads\/2025\/09\/10034-18x12.jpg 18w, https:\/\/katosines.com\/wp-content\/uploads\/2025\/09\/10034-600x400.jpg 600w, https:\/\/katosines.com\/wp-content\/uploads\/2025\/09\/10034.jpg 800w\" sizes=\"(max-width: 300px) 100vw, 300px\" \/><\/p>","protected":false},"excerpt":{"rendered":"<p>Estos mocasines de piel para hombre destacan por su dise\u00f1o atemporal y gran comodidad. Fabricados en piel aut\u00e9ntica de alta calidad, presentan el tradicional dise\u00f1o de antifaz, aportando un estilo elegante y sobrio. Perfectos para el d\u00eda a d\u00eda, la oficina o eventos especiales, gracias a su suela flexible y resistente que asegura confort y durabilidad. \u2714 Piel aut\u00e9ntica de alta calidad \u2714 Dise\u00f1o cl\u00e1sico con antifaz \u2714 Suela resistente y c\u00f3moda \u2714 Elegantes y f\u00e1ciles de combinar<\/p>","protected":false},"featured_media":6077,"comment_status":"open","ping_status":"closed","template":"","meta":[],"product_brand":[257],"product_cat":[112,130,114,44],"product_tag":[],"class_list":{"0":"post-6073","1":"product","2":"type-product","3":"status-publish","4":"has-post-thumbnail","6":"product_brand-jam","7":"product_cat-zapatos-hombre","8":"product_cat-jam","9":"product_cat-marcas","10":"product_cat-hombre","12":"first","13":"instock","14":"shipping-taxable","15":"purchasable","16":"product-type-variable"},"_links":{"self":[{"href":"https:\/\/katosines.com\/es\/wp-json\/wp\/v2\/product\/6073","targetHints":{"allow":["GET"]}}],"collection":[{"href":"https:\/\/katosines.com\/es\/wp-json\/wp\/v2\/product"}],"about":[{"href":"https:\/\/katosines.com\/es\/wp-json\/wp\/v2\/types\/product"}],"replies":[{"embeddable":true,"href":"https:\/\/katosines.com\/es\/wp-json\/wp\/v2\/comments?post=6073"}],"wp:featuredmedia":[{"embeddable":true,"href":"https:\/\/katosines.com\/es\/wp-json\/wp\/v2\/media\/6077"}],"wp:attachment":[{"href":"https:\/\/katosines.com\/es\/wp-json\/wp\/v2\/media?parent=6073"}],"wp:term":[{"taxonomy":"product_brand","embeddable":true,"href":"https:\/\/katosines.com\/es\/wp-json\/wp\/v2\/product_brand?post=6073"},{"taxonomy":"product_cat","embeddable":true,"href":"https:\/\/katosines.com\/es\/wp-json\/wp\/v2\/product_cat?post=6073"},{"taxonomy":"product_tag","embeddable":true,"href":"https:\/\/katosines.com\/es\/wp-json\/wp\/v2\/product_tag?post=6073"}],"curies":[{"name":"wp","href":"https:\/\/api.w.org\/{rel}","templated":true}]}}