{"id":6176,"date":"2025-09-26T05:56:25","date_gmt":"2025-09-26T05:56:25","guid":{"rendered":"https:\/\/katosines.com\/?post_type=product&#038;p=6176"},"modified":"2025-10-19T08:52:54","modified_gmt":"2025-10-19T08:52:54","slug":"zapatillas-de-estar-en-casa-para-mujer-modelo-1450-tallas-36-a-41","status":"publish","type":"product","link":"https:\/\/katosines.com\/es\/producto\/zapatillas-de-estar-en-casa-para-mujer-modelo-1450-tallas-36-a-41\/","title":{"rendered":"Zapatillas de estar en casa para mujer Modelo 1450 Tallas 36 a 41"},"content":{"rendered":"<p>Zapatillas de casa para mujer con dise\u00f1o liso. Fabricadas en textil suave y agradable al tacto, ofrecen m\u00e1xima comodidad y abrigo para el d\u00eda a d\u00eda en el hogar. Su cu\u00f1a ligera aporta un extra de altura y confort, mientras que la suela flexible y antideslizante garantiza seguridad en cada paso.<\/p>\n<p><img fetchpriority=\"high\" decoding=\"async\" class=\"alignnone size-medium wp-image-6180\" src=\"https:\/\/katosines.com\/wp-content\/uploads\/2025\/09\/14501-300x200.jpg\" alt=\"\" width=\"300\" height=\"200\" title=\"\" srcset=\"https:\/\/katosines.com\/wp-content\/uploads\/2025\/09\/14501-300x200.jpg 300w, https:\/\/katosines.com\/wp-content\/uploads\/2025\/09\/14501-768x512.jpg 768w, https:\/\/katosines.com\/wp-content\/uploads\/2025\/09\/14501-18x12.jpg 18w, https:\/\/katosines.com\/wp-content\/uploads\/2025\/09\/14501-600x400.jpg 600w, https:\/\/katosines.com\/wp-content\/uploads\/2025\/09\/14501.jpg 800w\" sizes=\"(max-width: 300px) 100vw, 300px\" \/> <img decoding=\"async\" class=\"alignnone size-medium wp-image-6179\" src=\"https:\/\/katosines.com\/wp-content\/uploads\/2025\/09\/14502-300x200.jpg\" alt=\"\" width=\"300\" height=\"200\" title=\"\" srcset=\"https:\/\/katosines.com\/wp-content\/uploads\/2025\/09\/14502-300x200.jpg 300w, https:\/\/katosines.com\/wp-content\/uploads\/2025\/09\/14502-768x512.jpg 768w, https:\/\/katosines.com\/wp-content\/uploads\/2025\/09\/14502-18x12.jpg 18w, https:\/\/katosines.com\/wp-content\/uploads\/2025\/09\/14502-600x400.jpg 600w, https:\/\/katosines.com\/wp-content\/uploads\/2025\/09\/14502.jpg 800w\" sizes=\"(max-width: 300px) 100vw, 300px\" \/><\/p>","protected":false},"excerpt":{"rendered":"<p>Zapatillas de casa para mujer con dise\u00f1o liso. Fabricadas en textil suave y agradable al tacto, ofrecen m\u00e1xima comodidad y abrigo para el d\u00eda a d\u00eda en el hogar. Su cu\u00f1a ligera aporta un extra de altura y confort, mientras que la suela flexible y antideslizante garantiza seguridad en cada paso.<\/p>","protected":false},"featured_media":6180,"comment_status":"open","ping_status":"closed","template":"","meta":[],"product_brand":[280],"product_cat":[131,45],"product_tag":[],"class_list":{"0":"post-6176","1":"product","2":"type-product","3":"status-publish","4":"has-post-thumbnail","6":"product_brand-katosines","7":"product_cat-zapatillas-de-casa","8":"product_cat-mujer","10":"first","11":"instock","12":"shipping-taxable","13":"purchasable","14":"product-type-variable"},"_links":{"self":[{"href":"https:\/\/katosines.com\/es\/wp-json\/wp\/v2\/product\/6176","targetHints":{"allow":["GET"]}}],"collection":[{"href":"https:\/\/katosines.com\/es\/wp-json\/wp\/v2\/product"}],"about":[{"href":"https:\/\/katosines.com\/es\/wp-json\/wp\/v2\/types\/product"}],"replies":[{"embeddable":true,"href":"https:\/\/katosines.com\/es\/wp-json\/wp\/v2\/comments?post=6176"}],"wp:featuredmedia":[{"embeddable":true,"href":"https:\/\/katosines.com\/es\/wp-json\/wp\/v2\/media\/6180"}],"wp:attachment":[{"href":"https:\/\/katosines.com\/es\/wp-json\/wp\/v2\/media?parent=6176"}],"wp:term":[{"taxonomy":"product_brand","embeddable":true,"href":"https:\/\/katosines.com\/es\/wp-json\/wp\/v2\/product_brand?post=6176"},{"taxonomy":"product_cat","embeddable":true,"href":"https:\/\/katosines.com\/es\/wp-json\/wp\/v2\/product_cat?post=6176"},{"taxonomy":"product_tag","embeddable":true,"href":"https:\/\/katosines.com\/es\/wp-json\/wp\/v2\/product_tag?post=6176"}],"curies":[{"name":"wp","href":"https:\/\/api.w.org\/{rel}","templated":true}]}}