{"id":6195,"date":"2025-09-26T06:07:38","date_gmt":"2025-09-26T06:07:38","guid":{"rendered":"https:\/\/katosines.com\/?post_type=product&#038;p=6195"},"modified":"2025-10-19T08:53:41","modified_gmt":"2025-10-19T08:53:41","slug":"zapatos-mocasin-de-cuna-para-mujer-modelo-8501-tallas-36-a-41-hecho-en-espana","status":"publish","type":"product","link":"https:\/\/katosines.com\/es\/producto\/zapatos-mocasin-de-cuna-para-mujer-modelo-8501-tallas-36-a-41-hecho-en-espana\/","title":{"rendered":"Zapatos mocas\u00edn de cu\u00f1a para mujer Modelo 8501 Tallas 36 a 41 Hecho en Espa\u00f1a"},"content":{"rendered":"<p>Zapatos tipo mocas\u00edn para mujer en color bronce con dise\u00f1o moderno y elegante. Fabricados con materiales de calidad y hechos en Espa\u00f1a, destacan por su comodidad y versatilidad. Incorporan cu\u00f1a ligera que aporta altura sin renunciar al confort. Su suela flexible y antideslizante ofrece estabilidad, ideal para el uso diario.<\/p>\n<p><img fetchpriority=\"high\" decoding=\"async\" class=\"alignnone size-medium wp-image-6201\" src=\"https:\/\/katosines.com\/wp-content\/uploads\/2025\/09\/85011-300x200.jpg\" alt=\"\" width=\"300\" height=\"200\" title=\"\" srcset=\"https:\/\/katosines.com\/wp-content\/uploads\/2025\/09\/85011-300x200.jpg 300w, https:\/\/katosines.com\/wp-content\/uploads\/2025\/09\/85011-768x512.jpg 768w, https:\/\/katosines.com\/wp-content\/uploads\/2025\/09\/85011-18x12.jpg 18w, https:\/\/katosines.com\/wp-content\/uploads\/2025\/09\/85011-600x400.jpg 600w, https:\/\/katosines.com\/wp-content\/uploads\/2025\/09\/85011.jpg 800w\" sizes=\"(max-width: 300px) 100vw, 300px\" \/> <img decoding=\"async\" class=\"alignnone size-medium wp-image-6200\" src=\"https:\/\/katosines.com\/wp-content\/uploads\/2025\/09\/85012-300x200.jpg\" alt=\"\" width=\"300\" height=\"200\" title=\"\" srcset=\"https:\/\/katosines.com\/wp-content\/uploads\/2025\/09\/85012-300x200.jpg 300w, https:\/\/katosines.com\/wp-content\/uploads\/2025\/09\/85012-768x512.jpg 768w, https:\/\/katosines.com\/wp-content\/uploads\/2025\/09\/85012-18x12.jpg 18w, https:\/\/katosines.com\/wp-content\/uploads\/2025\/09\/85012-600x400.jpg 600w, https:\/\/katosines.com\/wp-content\/uploads\/2025\/09\/85012.jpg 800w\" sizes=\"(max-width: 300px) 100vw, 300px\" \/> <img decoding=\"async\" class=\"alignnone size-medium wp-image-6199\" src=\"https:\/\/katosines.com\/wp-content\/uploads\/2025\/09\/85013-300x200.jpg\" alt=\"\" width=\"300\" height=\"200\" title=\"\" srcset=\"https:\/\/katosines.com\/wp-content\/uploads\/2025\/09\/85013-300x200.jpg 300w, https:\/\/katosines.com\/wp-content\/uploads\/2025\/09\/85013-768x512.jpg 768w, https:\/\/katosines.com\/wp-content\/uploads\/2025\/09\/85013-18x12.jpg 18w, https:\/\/katosines.com\/wp-content\/uploads\/2025\/09\/85013-600x400.jpg 600w, https:\/\/katosines.com\/wp-content\/uploads\/2025\/09\/85013.jpg 800w\" sizes=\"(max-width: 300px) 100vw, 300px\" \/><\/p>","protected":false},"excerpt":{"rendered":"<p>Zapatos tipo mocas\u00edn para mujer en color bronce con dise\u00f1o moderno y elegante. Fabricados con materiales de calidad y hechos en Espa\u00f1a, destacan por su comodidad y versatilidad. Incorporan cu\u00f1a ligera que aporta altura sin renunciar al confort. Su suela flexible y antideslizante ofrece estabilidad, ideal para el uso diario.<\/p>","protected":false},"featured_media":6199,"comment_status":"open","ping_status":"closed","template":"","meta":[],"product_brand":[253],"product_cat":[106,143,114,45],"product_tag":[],"class_list":{"0":"post-6195","1":"product","2":"type-product","3":"status-publish","4":"has-post-thumbnail","6":"product_brand-flossy","7":"product_cat-zapatos-mujer","8":"product_cat-flossy","9":"product_cat-marcas","10":"product_cat-mujer","12":"first","13":"instock","14":"shipping-taxable","15":"purchasable","16":"product-type-variable"},"_links":{"self":[{"href":"https:\/\/katosines.com\/es\/wp-json\/wp\/v2\/product\/6195","targetHints":{"allow":["GET"]}}],"collection":[{"href":"https:\/\/katosines.com\/es\/wp-json\/wp\/v2\/product"}],"about":[{"href":"https:\/\/katosines.com\/es\/wp-json\/wp\/v2\/types\/product"}],"replies":[{"embeddable":true,"href":"https:\/\/katosines.com\/es\/wp-json\/wp\/v2\/comments?post=6195"}],"wp:featuredmedia":[{"embeddable":true,"href":"https:\/\/katosines.com\/es\/wp-json\/wp\/v2\/media\/6199"}],"wp:attachment":[{"href":"https:\/\/katosines.com\/es\/wp-json\/wp\/v2\/media?parent=6195"}],"wp:term":[{"taxonomy":"product_brand","embeddable":true,"href":"https:\/\/katosines.com\/es\/wp-json\/wp\/v2\/product_brand?post=6195"},{"taxonomy":"product_cat","embeddable":true,"href":"https:\/\/katosines.com\/es\/wp-json\/wp\/v2\/product_cat?post=6195"},{"taxonomy":"product_tag","embeddable":true,"href":"https:\/\/katosines.com\/es\/wp-json\/wp\/v2\/product_tag?post=6195"}],"curies":[{"name":"wp","href":"https:\/\/api.w.org\/{rel}","templated":true}]}}