{"id":8839,"date":"2025-10-10T08:19:09","date_gmt":"2025-10-10T08:19:09","guid":{"rendered":"https:\/\/katosines.com\/?post_type=product&#038;p=8839"},"modified":"2025-10-19T08:42:18","modified_gmt":"2025-10-19T08:42:18","slug":"zapatos-de-mujer-con-cuna-comodos-de-piel-calzado-elegante-y-casual-hecho-en-espana-tallas-35-a-41-modelo-10557-chamby","status":"publish","type":"product","link":"https:\/\/katosines.com\/es\/producto\/zapatos-de-mujer-con-cuna-comodos-de-piel-calzado-elegante-y-casual-hecho-en-espana-tallas-35-a-41-modelo-10557-chamby\/","title":{"rendered":"Zapatos de mujer con cu\u00f1a c\u00f3modos de piel Calzado elegante y casual Hecho en Espa\u00f1a Tallas 35 a 41 Modelo 10557 Chamby"},"content":{"rendered":"<p>-ALTURA DEL TACON (CM.): 3<br \/>\n-MATERIAL EXTERIOR<br \/>\n&#8211; CORTE: Piel<br \/>\n-PLANTILLA: Piel<br \/>\n-MATERIAL INTERIOR<br \/>\n-FORRO : Textil<br \/>\n-PISO-SUELA: Sint\u00e9tico<\/p>\n<p><img fetchpriority=\"high\" decoding=\"async\" class=\"alignnone size-medium wp-image-8855\" src=\"https:\/\/katosines.com\/wp-content\/uploads\/2025\/10\/105572-300x200.jpg\" alt=\"\" width=\"300\" height=\"200\" title=\"\" srcset=\"https:\/\/katosines.com\/wp-content\/uploads\/2025\/10\/105572-300x200.jpg 300w, https:\/\/katosines.com\/wp-content\/uploads\/2025\/10\/105572-768x512.jpg 768w, https:\/\/katosines.com\/wp-content\/uploads\/2025\/10\/105572-18x12.jpg 18w, https:\/\/katosines.com\/wp-content\/uploads\/2025\/10\/105572-600x400.jpg 600w, https:\/\/katosines.com\/wp-content\/uploads\/2025\/10\/105572.jpg 800w\" sizes=\"(max-width: 300px) 100vw, 300px\" \/> <img decoding=\"async\" class=\"alignnone size-medium wp-image-8854\" src=\"https:\/\/katosines.com\/wp-content\/uploads\/2025\/10\/105573-300x200.jpg\" alt=\"\" width=\"300\" height=\"200\" title=\"\" srcset=\"https:\/\/katosines.com\/wp-content\/uploads\/2025\/10\/105573-300x200.jpg 300w, https:\/\/katosines.com\/wp-content\/uploads\/2025\/10\/105573-768x512.jpg 768w, https:\/\/katosines.com\/wp-content\/uploads\/2025\/10\/105573-18x12.jpg 18w, https:\/\/katosines.com\/wp-content\/uploads\/2025\/10\/105573-600x400.jpg 600w, https:\/\/katosines.com\/wp-content\/uploads\/2025\/10\/105573.jpg 800w\" sizes=\"(max-width: 300px) 100vw, 300px\" \/> <img decoding=\"async\" class=\"alignnone size-medium wp-image-8856\" src=\"https:\/\/katosines.com\/wp-content\/uploads\/2025\/10\/105571-300x200.jpg\" alt=\"\" width=\"300\" height=\"200\" title=\"\" srcset=\"https:\/\/katosines.com\/wp-content\/uploads\/2025\/10\/105571-300x200.jpg 300w, https:\/\/katosines.com\/wp-content\/uploads\/2025\/10\/105571-768x512.jpg 768w, https:\/\/katosines.com\/wp-content\/uploads\/2025\/10\/105571-18x12.jpg 18w, https:\/\/katosines.com\/wp-content\/uploads\/2025\/10\/105571-600x400.jpg 600w, https:\/\/katosines.com\/wp-content\/uploads\/2025\/10\/105571.jpg 800w\" sizes=\"(max-width: 300px) 100vw, 300px\" \/><\/p>","protected":false},"excerpt":{"rendered":"<p>-ALTURA DEL TACON (CM.): 3 -MATERIAL EXTERIOR &#8211; CORTE: Piel -PLANTILLA: Piel -MATERIAL INTERIOR -FORRO : Textil -PISO-SUELA: Sint\u00e9tico<\/p>","protected":false},"featured_media":8856,"comment_status":"open","ping_status":"closed","template":"","meta":[],"product_brand":[247],"product_cat":[114,141,106,45],"product_tag":[],"class_list":{"0":"post-8839","1":"product","2":"type-product","3":"status-publish","4":"has-post-thumbnail","6":"product_brand-chamby","7":"product_cat-marcas","8":"product_cat-chamby","9":"product_cat-zapatos-mujer","10":"product_cat-mujer","12":"first","13":"instock","14":"shipping-taxable","15":"purchasable","16":"product-type-variable"},"_links":{"self":[{"href":"https:\/\/katosines.com\/es\/wp-json\/wp\/v2\/product\/8839","targetHints":{"allow":["GET"]}}],"collection":[{"href":"https:\/\/katosines.com\/es\/wp-json\/wp\/v2\/product"}],"about":[{"href":"https:\/\/katosines.com\/es\/wp-json\/wp\/v2\/types\/product"}],"replies":[{"embeddable":true,"href":"https:\/\/katosines.com\/es\/wp-json\/wp\/v2\/comments?post=8839"}],"wp:featuredmedia":[{"embeddable":true,"href":"https:\/\/katosines.com\/es\/wp-json\/wp\/v2\/media\/8856"}],"wp:attachment":[{"href":"https:\/\/katosines.com\/es\/wp-json\/wp\/v2\/media?parent=8839"}],"wp:term":[{"taxonomy":"product_brand","embeddable":true,"href":"https:\/\/katosines.com\/es\/wp-json\/wp\/v2\/product_brand?post=8839"},{"taxonomy":"product_cat","embeddable":true,"href":"https:\/\/katosines.com\/es\/wp-json\/wp\/v2\/product_cat?post=8839"},{"taxonomy":"product_tag","embeddable":true,"href":"https:\/\/katosines.com\/es\/wp-json\/wp\/v2\/product_tag?post=8839"}],"curies":[{"name":"wp","href":"https:\/\/api.w.org\/{rel}","templated":true}]}}