{"id":8889,"date":"2025-10-10T11:02:56","date_gmt":"2025-10-10T11:02:56","guid":{"rendered":"https:\/\/katosines.com\/?post_type=product&#038;p=8889"},"modified":"2025-10-19T08:43:47","modified_gmt":"2025-10-19T08:43:47","slug":"zapatos-de-piel-para-hombre-tallas-40-a-46-modelo-3206-sakut","status":"publish","type":"product","link":"https:\/\/katosines.com\/es\/producto\/zapatos-de-piel-para-hombre-tallas-40-a-46-modelo-3206-sakut\/","title":{"rendered":"Zapatos de piel para hombre Tallas 40 a 46 Modelo 3206 Sakut"},"content":{"rendered":"<p><span data-spm-anchor-id=\"euspain.pdp.description.i4.58893fe4xuDkmI\">Los <\/span>zapatos para hombre Sakut est\u00e1n fabricados en piel de alta calidad, garantizando comodidad y resistencia en el uso diario.<\/p>\n<p>Su cierre de velcro facilita un ajuste r\u00e1pido y seguro, ideal para quienes buscan practicidad sin renunciar al estilo. La suela flexible y antideslizante ofrece seguridad y confort en cada paso, mientras que la plantilla extra\u00edble permite mayor higiene y adaptaci\u00f3n a necesidades ortop\u00e9dicas.<\/p>\n<p>Un calzado hecho en Espa\u00f1a, dise\u00f1ado para combinar comodidad, durabilidad y elegancia casual en el d\u00eda a d\u00eda.<\/p>\n<p><img fetchpriority=\"high\" decoding=\"async\" class=\"alignnone size-medium wp-image-8899\" src=\"https:\/\/katosines.com\/wp-content\/uploads\/2025\/10\/3206-300x200.jpg\" alt=\"\" width=\"300\" height=\"200\" title=\"\" srcset=\"https:\/\/katosines.com\/wp-content\/uploads\/2025\/10\/3206-300x200.jpg 300w, https:\/\/katosines.com\/wp-content\/uploads\/2025\/10\/3206-768x512.jpg 768w, https:\/\/katosines.com\/wp-content\/uploads\/2025\/10\/3206-18x12.jpg 18w, https:\/\/katosines.com\/wp-content\/uploads\/2025\/10\/3206-600x400.jpg 600w, https:\/\/katosines.com\/wp-content\/uploads\/2025\/10\/3206.jpg 800w\" sizes=\"(max-width: 300px) 100vw, 300px\" \/> <img decoding=\"async\" class=\"alignnone size-medium wp-image-8897\" src=\"https:\/\/katosines.com\/wp-content\/uploads\/2025\/10\/32062-300x200.jpg\" alt=\"\" width=\"300\" height=\"200\" title=\"\" srcset=\"https:\/\/katosines.com\/wp-content\/uploads\/2025\/10\/32062-300x200.jpg 300w, https:\/\/katosines.com\/wp-content\/uploads\/2025\/10\/32062-768x512.jpg 768w, https:\/\/katosines.com\/wp-content\/uploads\/2025\/10\/32062-18x12.jpg 18w, https:\/\/katosines.com\/wp-content\/uploads\/2025\/10\/32062-600x400.jpg 600w, https:\/\/katosines.com\/wp-content\/uploads\/2025\/10\/32062.jpg 800w\" sizes=\"(max-width: 300px) 100vw, 300px\" \/><\/p>","protected":false},"excerpt":{"rendered":"<p>Los zapatos para hombre Sakut est\u00e1n fabricados en piel de alta calidad, garantizando comodidad y resistencia en el uso diario. Su cierre de velcro facilita un ajuste r\u00e1pido y seguro, ideal para quienes buscan practicidad sin renunciar al estilo. La suela flexible y antideslizante ofrece seguridad y confort en cada paso, mientras que la plantilla extra\u00edble permite mayor higiene y adaptaci\u00f3n a necesidades ortop\u00e9dicas. Un calzado hecho en Espa\u00f1a, dise\u00f1ado para combinar comodidad, durabilidad y elegancia casual en el d\u00eda a d\u00eda.<\/p>","protected":false},"featured_media":8899,"comment_status":"open","ping_status":"closed","template":"","meta":[],"product_brand":[307],"product_cat":[112,114,308,44],"product_tag":[],"class_list":{"0":"post-8889","1":"product","2":"type-product","3":"status-publish","4":"has-post-thumbnail","6":"product_brand-sakut","7":"product_cat-zapatos-hombre","8":"product_cat-marcas","9":"product_cat-sakut","10":"product_cat-hombre","12":"first","13":"instock","14":"shipping-taxable","15":"purchasable","16":"product-type-variable"},"_links":{"self":[{"href":"https:\/\/katosines.com\/es\/wp-json\/wp\/v2\/product\/8889","targetHints":{"allow":["GET"]}}],"collection":[{"href":"https:\/\/katosines.com\/es\/wp-json\/wp\/v2\/product"}],"about":[{"href":"https:\/\/katosines.com\/es\/wp-json\/wp\/v2\/types\/product"}],"replies":[{"embeddable":true,"href":"https:\/\/katosines.com\/es\/wp-json\/wp\/v2\/comments?post=8889"}],"wp:featuredmedia":[{"embeddable":true,"href":"https:\/\/katosines.com\/es\/wp-json\/wp\/v2\/media\/8899"}],"wp:attachment":[{"href":"https:\/\/katosines.com\/es\/wp-json\/wp\/v2\/media?parent=8889"}],"wp:term":[{"taxonomy":"product_brand","embeddable":true,"href":"https:\/\/katosines.com\/es\/wp-json\/wp\/v2\/product_brand?post=8889"},{"taxonomy":"product_cat","embeddable":true,"href":"https:\/\/katosines.com\/es\/wp-json\/wp\/v2\/product_cat?post=8889"},{"taxonomy":"product_tag","embeddable":true,"href":"https:\/\/katosines.com\/es\/wp-json\/wp\/v2\/product_tag?post=8889"}],"curies":[{"name":"wp","href":"https:\/\/api.w.org\/{rel}","templated":true}]}}