{"id":8900,"date":"2025-10-10T11:58:40","date_gmt":"2025-10-10T11:58:40","guid":{"rendered":"https:\/\/katosines.com\/?post_type=product&#038;p=8900"},"modified":"2025-10-10T11:58:42","modified_gmt":"2025-10-10T11:58:42","slug":"zapatos-de-piel-sin-cordones-para-hombre-tallas-39-a-46-modelo-3207-sakut","status":"publish","type":"product","link":"https:\/\/katosines.com\/es\/producto\/zapatos-de-piel-sin-cordones-para-hombre-tallas-39-a-46-modelo-3207-sakut\/","title":{"rendered":"Zapatos de piel sin cordones para hombre Tallas 39 a 46 Modelo 3207 Sakut"},"content":{"rendered":"<p><span data-spm-anchor-id=\"euspain.pdp.description.i0.3fc85bb5wPnJjn\">Los <\/span>zapatos para hombre Sakut est\u00e1n elaborados en piel de alta calidad, aportando resistencia y confort en cada paso.<\/p>\n<p>Este modelo cuenta con el\u00e1sticos laterales, que permiten un calce r\u00e1pido y pr\u00e1ctico, evitando cordones o velcros. La suela flexible y antideslizante ofrece seguridad en todo tipo de superficies, mientras que la plantilla extra\u00edble permite una mejor higiene y adaptaci\u00f3n a plantillas ortop\u00e9dicas.<\/p>\n<p>Un calzado hecho en Espa\u00f1a, dise\u00f1ado para quienes buscan comodidad, durabilidad y estilo casual en el uso diario.<\/p>","protected":false},"excerpt":{"rendered":"<p>Los zapatos para hombre Sakut est\u00e1n elaborados en piel de alta calidad, aportando resistencia y confort en cada paso. Este modelo cuenta con el\u00e1sticos laterales, que permiten un calce r\u00e1pido y pr\u00e1ctico, evitando cordones o velcros. La suela flexible y antideslizante ofrece seguridad en todo tipo de superficies, mientras que la plantilla extra\u00edble permite una mejor higiene y adaptaci\u00f3n a plantillas ortop\u00e9dicas. Un calzado hecho en Espa\u00f1a, dise\u00f1ado para quienes buscan comodidad, durabilidad y estilo casual en el uso diario.<\/p>","protected":false},"featured_media":8903,"comment_status":"open","ping_status":"closed","template":"","meta":[],"product_brand":[307],"product_cat":[112,114,308,44],"product_tag":[],"class_list":{"0":"post-8900","1":"product","2":"type-product","3":"status-publish","4":"has-post-thumbnail","6":"product_brand-sakut","7":"product_cat-zapatos-hombre","8":"product_cat-marcas","9":"product_cat-sakut","10":"product_cat-hombre","12":"first","13":"instock","14":"shipping-taxable","15":"purchasable","16":"product-type-variable"},"_links":{"self":[{"href":"https:\/\/katosines.com\/es\/wp-json\/wp\/v2\/product\/8900","targetHints":{"allow":["GET"]}}],"collection":[{"href":"https:\/\/katosines.com\/es\/wp-json\/wp\/v2\/product"}],"about":[{"href":"https:\/\/katosines.com\/es\/wp-json\/wp\/v2\/types\/product"}],"replies":[{"embeddable":true,"href":"https:\/\/katosines.com\/es\/wp-json\/wp\/v2\/comments?post=8900"}],"wp:featuredmedia":[{"embeddable":true,"href":"https:\/\/katosines.com\/es\/wp-json\/wp\/v2\/media\/8903"}],"wp:attachment":[{"href":"https:\/\/katosines.com\/es\/wp-json\/wp\/v2\/media?parent=8900"}],"wp:term":[{"taxonomy":"product_brand","embeddable":true,"href":"https:\/\/katosines.com\/es\/wp-json\/wp\/v2\/product_brand?post=8900"},{"taxonomy":"product_cat","embeddable":true,"href":"https:\/\/katosines.com\/es\/wp-json\/wp\/v2\/product_cat?post=8900"},{"taxonomy":"product_tag","embeddable":true,"href":"https:\/\/katosines.com\/es\/wp-json\/wp\/v2\/product_tag?post=8900"}],"curies":[{"name":"wp","href":"https:\/\/api.w.org\/{rel}","templated":true}]}}