{"id":9537,"date":"2025-10-15T18:10:28","date_gmt":"2025-10-15T18:10:28","guid":{"rendered":"https:\/\/katosines.com\/?post_type=product&#038;p=9537"},"modified":"2025-10-19T08:45:45","modified_gmt":"2025-10-19T08:45:45","slug":"mocasines-de-mujer-con-cuna-en-piel-calzado-comodo-y-elegante-hecho-en-espana-tallas-36-a-41-modelo-5-chamby","status":"publish","type":"product","link":"https:\/\/katosines.com\/es\/producto\/mocasines-de-mujer-con-cuna-en-piel-calzado-comodo-y-elegante-hecho-en-espana-tallas-36-a-41-modelo-5-chamby\/","title":{"rendered":"Mocasines de mujer con cu\u00f1a en piel Calzado c\u00f3modo y elegante Hecho en Espa\u00f1a Tallas 36 a 41 Modelo 5 Chamby"},"content":{"rendered":"<p>-PLANTILLA EXTRAIBLE<br \/>\n-ALTURA DEL TACON (CM.): 3,5<br \/>\n-MATERIAL EXTERIOR<br \/>\n-CORTE: Piel<br \/>\n-PLANTILLA: Sint\u00e9tico<br \/>\n-MATERIAL INTERIOR -FORRO : Textil<br \/>\n-PISO-SUELA: Sint\u00e9tico<\/p>\n<p><img fetchpriority=\"high\" decoding=\"async\" class=\"alignnone size-medium wp-image-9538\" src=\"https:\/\/katosines.com\/wp-content\/uploads\/2025\/10\/51-300x200.jpg\" alt=\"\" width=\"300\" height=\"200\" title=\"\" srcset=\"https:\/\/katosines.com\/wp-content\/uploads\/2025\/10\/51-300x200.jpg 300w, https:\/\/katosines.com\/wp-content\/uploads\/2025\/10\/51-768x512.jpg 768w, https:\/\/katosines.com\/wp-content\/uploads\/2025\/10\/51-18x12.jpg 18w, https:\/\/katosines.com\/wp-content\/uploads\/2025\/10\/51-600x400.jpg 600w, https:\/\/katosines.com\/wp-content\/uploads\/2025\/10\/51.jpg 800w\" sizes=\"(max-width: 300px) 100vw, 300px\" \/><\/p>","protected":false},"excerpt":{"rendered":"<p>-PLANTILLA EXTRAIBLE -ALTURA DEL TACON (CM.): 3,5 -MATERIAL EXTERIOR -CORTE: Piel -PLANTILLA: Sint\u00e9tico -MATERIAL INTERIOR -FORRO : Textil -PISO-SUELA: Sint\u00e9tico<\/p>","protected":false},"featured_media":9538,"comment_status":"open","ping_status":"closed","template":"","meta":[],"product_brand":[247],"product_cat":[106,141,114,45],"product_tag":[],"class_list":{"0":"post-9537","1":"product","2":"type-product","3":"status-publish","4":"has-post-thumbnail","6":"product_brand-chamby","7":"product_cat-zapatos-mujer","8":"product_cat-chamby","9":"product_cat-marcas","10":"product_cat-mujer","12":"first","13":"instock","14":"shipping-taxable","15":"purchasable","16":"product-type-variable"},"_links":{"self":[{"href":"https:\/\/katosines.com\/es\/wp-json\/wp\/v2\/product\/9537","targetHints":{"allow":["GET"]}}],"collection":[{"href":"https:\/\/katosines.com\/es\/wp-json\/wp\/v2\/product"}],"about":[{"href":"https:\/\/katosines.com\/es\/wp-json\/wp\/v2\/types\/product"}],"replies":[{"embeddable":true,"href":"https:\/\/katosines.com\/es\/wp-json\/wp\/v2\/comments?post=9537"}],"wp:featuredmedia":[{"embeddable":true,"href":"https:\/\/katosines.com\/es\/wp-json\/wp\/v2\/media\/9538"}],"wp:attachment":[{"href":"https:\/\/katosines.com\/es\/wp-json\/wp\/v2\/media?parent=9537"}],"wp:term":[{"taxonomy":"product_brand","embeddable":true,"href":"https:\/\/katosines.com\/es\/wp-json\/wp\/v2\/product_brand?post=9537"},{"taxonomy":"product_cat","embeddable":true,"href":"https:\/\/katosines.com\/es\/wp-json\/wp\/v2\/product_cat?post=9537"},{"taxonomy":"product_tag","embeddable":true,"href":"https:\/\/katosines.com\/es\/wp-json\/wp\/v2\/product_tag?post=9537"}],"curies":[{"name":"wp","href":"https:\/\/api.w.org\/{rel}","templated":true}]}}